
{"id":741,"date":"2023-04-20T15:56:59","date_gmt":"2023-04-20T15:56:59","guid":{"rendered":"https:\/\/www.nierenstiftung.ch\/new\/?page_id=741"},"modified":"2026-04-13T16:03:07","modified_gmt":"2026-04-13T16:03:07","slug":"news-2","status":"publish","type":"page","link":"https:\/\/www.nierenstiftung.ch\/new\/news-2\/","title":{"rendered":"News"},"content":{"rendered":"<p>[et_pb_section fb_built=&#8221;1&#8243; admin_label=&#8221;section&#8221; _builder_version=&#8221;4.16&#8243; global_colors_info=&#8221;{}&#8221;][et_pb_row admin_label=&#8221;row&#8221; _builder_version=&#8221;4.16&#8243; background_size=&#8221;initial&#8221; background_position=&#8221;top_left&#8221; background_repeat=&#8221;repeat&#8221; global_colors_info=&#8221;{}&#8221;][et_pb_column type=&#8221;4_4&#8243; _builder_version=&#8221;4.16&#8243; custom_padding=&#8221;|||&#8221; global_colors_info=&#8221;{}&#8221; custom_padding__hover=&#8221;|||&#8221;][et_pb_text admin_label=&#8221;Text&#8221; _builder_version=&#8221;4.19.4&#8243; background_size=&#8221;initial&#8221; background_position=&#8221;top_left&#8221; background_repeat=&#8221;repeat&#8221; hover_enabled=&#8221;0&#8243; global_colors_info=&#8221;{}&#8221; sticky_enabled=&#8221;0&#8243;]<\/p>\n<section class=\"latest-post-selection\" id=\"lps-20c64b0041971df86cb20de62953b71a\"><style>#lps-20c64b0041971df86cb20de62953b71a .custom-thumbnail { width:150px; min-height:150px; height:auto;}<\/style><article><a href=\"https:\/\/www.nierenstiftung.ch\/new\/maybe-less-sugar-weniger-zucker-fuer-gesunde-nieren\/\" class=\"main-link read-more-wrap\" title=\"MAYbe Less Sugar\"><h1 class=\"item-title-tag\">MAYbe Less Sugar<\/h1><p>MAYbe Less Sugar \u2013 weniger Zucker f\u00fcr gesunde Nieren Die Kampagne \u00abMAYbe Less Sugar\u00bb von diabetesschweiz macht im Monat<\/p>\n<span class=\"read-more\">Read more...&gt;<\/span><\/a><div class=\"clear\"><\/div><\/article><article><a href=\"https:\/\/www.nierenstiftung.ch\/new\/patientenverfuegung-testament-erstellen\/\" class=\"main-link read-more-wrap\" title=\"Legat - Legacy - Legs - Legato\"><h1 class=\"item-title-tag\">Legat - Legacy - Legs - Legato<\/h1><p>Patientenverf\u00fcgung \/ Testament erstellen Mittels der Patientenverf\u00fcgung erkl\u00e4ren Sie Ihren Willen bez\u00fcglich medizinischer<\/p>\n<span class=\"read-more\">Read more...&gt;<\/span><\/a><div class=\"clear\"><\/div><\/article><article><a href=\"https:\/\/www.nierenstiftung.ch\/new\/ernaehrungsratgeber\/\" class=\"main-link read-more-wrap\" title=\"Ern\u00e4hrung - Nutrition - Nutrizione\"><h1 class=\"item-title-tag\">Ern\u00e4hrung - Nutrition - Nutrizione<\/h1><p>Ern\u00e4hrungsratgeber Im Internet, in Zeitungen und Brosch\u00fcren gibt es viele Informationen dar\u00fcber, wie sich nierenkranke<\/p>\n<span class=\"read-more\">Read more...&gt;<\/span><\/a><div class=\"clear\"><\/div><\/article><article><a href=\"https:\/\/www.nierenstiftung.ch\/new\/neu-broschuere-nierenfunktion-bewahren-auch-bei-nierenkrankheit\/\" class=\"main-link read-more-wrap\" title=\"neue Brosch\u00fcre - new brochure - nouvelle brochure - nuova brochure\"><h1 class=\"item-title-tag\">neue Brosch\u00fcre - new brochure - nouvelle brochure - nuova brochure<\/h1><p>Brosch\u00fcre \u2013 Nierenfunktion bewahren \u2013 auch bei Nierenkrankheit Mit dieser Brosch\u00fcre erfahren Sie mehr \u00fcber die Nieren,<\/p>\n<span class=\"read-more\">Read more...&gt;<\/span><\/a><div class=\"clear\"><\/div><\/article><\/section>\n<p>[\/et_pb_text][\/et_pb_column][\/et_pb_row][\/et_pb_section]<\/p>\n","protected":false},"excerpt":{"rendered":"<p>[et_pb_section fb_built=&#8221;1&#8243; admin_label=&#8221;section&#8221; _builder_version=&#8221;4.16&#8243; global_colors_info=&#8221;{}&#8221;][et_pb_row admin_label=&#8221;row&#8221; _builder_version=&#8221;4.16&#8243; background_size=&#8221;initial&#8221; background_position=&#8221;top_left&#8221; background_repeat=&#8221;repeat&#8221; global_colors_info=&#8221;{}&#8221;][et_pb_column type=&#8221;4_4&#8243; _builder_version=&#8221;4.16&#8243; custom_padding=&#8221;|||&#8221; global_colors_info=&#8221;{}&#8221; custom_padding__hover=&#8221;|||&#8221;][et_pb_text admin_label=&#8221;Text&#8221; _builder_version=&#8221;4.19.4&#8243; background_size=&#8221;initial&#8221; background_position=&#8221;top_left&#8221; background_repeat=&#8221;repeat&#8221; hover_enabled=&#8221;0&#8243; global_colors_info=&#8221;{}&#8221; sticky_enabled=&#8221;0&#8243;] [\/et_pb_text][\/et_pb_column][\/et_pb_row][\/et_pb_section]<\/p>\n","protected":false},"author":1,"featured_media":0,"parent":0,"menu_order":0,"comment_status":"closed","ping_status":"closed","template":"","meta":{"_et_pb_use_builder":"on","_et_pb_old_content":"[latest-selected-content limit=\"10\" display=\"title,content-small\" titletag=\"h1\" chrlimit=\"120\" url=\"yes\" linktext=\"Read more...>\" date_limit=\"1\" date_start=\"6\" date_start_type=\"months\" image=\"thumbnail\" elements=\"3\" type=\"post\" taxonomy=\"category\" term=\"news\" orderby=\"dateD\"]","_et_gb_content_width":"","footnotes":"","_links_to":"","_links_to_target":""},"class_list":["post-741","page","type-page","status-publish","hentry"],"_links":{"self":[{"href":"https:\/\/www.nierenstiftung.ch\/new\/wp-json\/wp\/v2\/pages\/741","targetHints":{"allow":["GET"]}}],"collection":[{"href":"https:\/\/www.nierenstiftung.ch\/new\/wp-json\/wp\/v2\/pages"}],"about":[{"href":"https:\/\/www.nierenstiftung.ch\/new\/wp-json\/wp\/v2\/types\/page"}],"author":[{"embeddable":true,"href":"https:\/\/www.nierenstiftung.ch\/new\/wp-json\/wp\/v2\/users\/1"}],"replies":[{"embeddable":true,"href":"https:\/\/www.nierenstiftung.ch\/new\/wp-json\/wp\/v2\/comments?post=741"}],"version-history":[{"count":3,"href":"https:\/\/www.nierenstiftung.ch\/new\/wp-json\/wp\/v2\/pages\/741\/revisions"}],"predecessor-version":[{"id":5537,"href":"https:\/\/www.nierenstiftung.ch\/new\/wp-json\/wp\/v2\/pages\/741\/revisions\/5537"}],"wp:attachment":[{"href":"https:\/\/www.nierenstiftung.ch\/new\/wp-json\/wp\/v2\/media?parent=741"}],"curies":[{"name":"wp","href":"https:\/\/api.w.org\/{rel}","templated":true}]}}