
{"id":4590,"date":"2025-05-23T16:14:52","date_gmt":"2025-05-23T16:14:52","guid":{"rendered":"https:\/\/www.nierenstiftung.ch\/new\/?page_id=4590"},"modified":"2025-05-23T16:28:11","modified_gmt":"2025-05-23T16:28:11","slug":"conseils-nutritionnels","status":"publish","type":"page","link":"https:\/\/www.nierenstiftung.ch\/new\/fr\/conseils-nutritionnels\/","title":{"rendered":"Conseils nutritionnels"},"content":{"rendered":"<p>[et_pb_section fb_built=&#8221;1&#8243; _builder_version=&#8221;4.19.4&#8243; _module_preset=&#8221;default&#8221; use_background_color_gradient=&#8221;on&#8221; background_color_gradient_stops=&#8221;#6c9aee 0%|rgba(255,255,255,0) 15%&#8221; custom_padding=&#8221;||1px|||&#8221; locked=&#8221;off&#8221; global_colors_info=&#8221;{}&#8221;][et_pb_row _builder_version=&#8221;4.19.4&#8243; _module_preset=&#8221;default&#8221; global_colors_info=&#8221;{}&#8221;][et_pb_column type=&#8221;4_4&#8243; _builder_version=&#8221;4.19.4&#8243; _module_preset=&#8221;default&#8221; global_colors_info=&#8221;{}&#8221;][et_pb_image src=&#8221;https:\/\/www.nierenstiftung.ch\/new\/wp-content\/uploads\/2024\/12\/AdobeStock_620120148-1-scaled.jpeg&#8221; title_text=&#8221;AdobeStock_620120148 (1)&#8221; _builder_version=&#8221;4.19.4&#8243; _module_preset=&#8221;default&#8221; global_colors_info=&#8221;{}&#8221;][\/et_pb_image][\/et_pb_column][\/et_pb_row][\/et_pb_section][et_pb_section fb_built=&#8221;1&#8243; _builder_version=&#8221;4.19.4&#8243; _module_preset=&#8221;default&#8221; global_colors_info=&#8221;{}&#8221;][et_pb_row _builder_version=&#8221;4.19.4&#8243; _module_preset=&#8221;default&#8221; global_colors_info=&#8221;{}&#8221;][et_pb_column type=&#8221;4_4&#8243; _builder_version=&#8221;4.19.4&#8243; _module_preset=&#8221;default&#8221; global_colors_info=&#8221;{}&#8221;][et_pb_text admin_label=&#8221;Lista dei consulenti nutrizionali&#8221; _builder_version=&#8221;4.19.4&#8243; _module_preset=&#8221;default&#8221; text_text_color=&#8221;#000000&#8243; text_font_size=&#8221;56px&#8221; text_line_height=&#8221;1.2em&#8221; hover_enabled=&#8221;0&#8243; text_font_size_tablet=&#8221;56px&#8221; text_font_size_phone=&#8221;37px&#8221; text_font_size_last_edited=&#8221;on|phone&#8221; locked=&#8221;off&#8221; global_colors_info=&#8221;{}&#8221; sticky_enabled=&#8221;0&#8243;]<\/p>\n<p>Liste des consultations nutritionnelles<\/p>\n<p>[\/et_pb_text][et_pb_text _builder_version=&#8221;4.19.4&#8243; _module_preset=&#8221;default&#8221; text_font_size=&#8221;17px&#8221; hover_enabled=&#8221;0&#8243; global_colors_info=&#8221;{}&#8221; sticky_enabled=&#8221;0&#8243;]<\/p>\n<p>Une vie saine, avec une alimentation adapt\u00e9e, une tension art\u00e9rielle, une glyc\u00e9mie et des lipides sanguins contr\u00f4l\u00e9s, est une condition pr\u00e9alable \u00e0 la pr\u00e9servation de la fonction r\u00e9nale. Des th\u00e9rapies prometteuses ont \u00e9galement \u00e9t\u00e9 d\u00e9velopp\u00e9es pour les patients souffrant d&#8217;insuffisance r\u00e9nale. Elles peuvent prot\u00e9ger la fonction r\u00e9nale et ralentir, voire dans de nombreux cas emp\u00eacher, la survenue d&#8217;une insuffisance r\u00e9nale. Discutez des mesures possibles avec votre \u00e9quipe soignante.<\/p>\n<p>Des <strong>di\u00e9t\u00e9ticien-ne-s sp\u00e9cialis\u00e9-e-s<\/strong> peuvent vous aider \u00e0 trouver une alimentation adapt\u00e9e \u00e0 votre cas.<\/p>\n<p>Votre m\u00e9decin peut vous prescrire une consultation di\u00e9t\u00e9tique rembours\u00e9e par la caisse maladie a (<a href=\"https:\/\/svde-asdd.ch\/verordnungsformular\/\" target=\"_blank\" rel=\"noopener\">formulaire de demande de prescription [DE\/FR\/IT]<\/a>).<\/p>\n<p><a href=\"https:\/\/svde-asdd.ch\/fr\/association\/groupes\/fachgruppen-svde-groupes-specialises-asdd\/\" target=\"_blank\" rel=\"noopener\">Liste des di\u00e9t\u00e9ticiens sp\u00e9cialis\u00e9s dans le domaine de la n\u00e9phrologie<\/a><\/p>\n<p><em>La pr\u00e9sidente du groupe sp\u00e9cialis\u00e9 romand \u00abN\u00e9phrologie\u00bb peut \u00eatre contact\u00e9e directement si n\u00e9cessaire. Vous trouvez l&#8217;adresse dans la liste\u00a0!<\/em><\/p>\n<p>[\/et_pb_text][\/et_pb_column][\/et_pb_row][\/et_pb_section]<\/p>\n","protected":false},"excerpt":{"rendered":"<p>Liste des consultations nutritionnellesUne vie saine, avec une alimentation adapt\u00e9e, une tension art\u00e9rielle, une glyc\u00e9mie et des lipides sanguins contr\u00f4l\u00e9s, est une condition pr\u00e9alable \u00e0 la pr\u00e9servation de la fonction r\u00e9nale. Des th\u00e9rapies prometteuses ont \u00e9galement \u00e9t\u00e9 d\u00e9velopp\u00e9es pour les patients souffrant d&#8217;insuffisance r\u00e9nale. Elles peuvent prot\u00e9ger la fonction r\u00e9nale et ralentir, voire dans de [&hellip;]<\/p>\n","protected":false},"author":1,"featured_media":0,"parent":0,"menu_order":0,"comment_status":"closed","ping_status":"closed","template":"","meta":{"_et_pb_use_builder":"on","_et_pb_old_content":"","_et_gb_content_width":"","footnotes":"","_links_to":"","_links_to_target":""},"class_list":["post-4590","page","type-page","status-publish","hentry"],"_links":{"self":[{"href":"https:\/\/www.nierenstiftung.ch\/new\/wp-json\/wp\/v2\/pages\/4590","targetHints":{"allow":["GET"]}}],"collection":[{"href":"https:\/\/www.nierenstiftung.ch\/new\/wp-json\/wp\/v2\/pages"}],"about":[{"href":"https:\/\/www.nierenstiftung.ch\/new\/wp-json\/wp\/v2\/types\/page"}],"author":[{"embeddable":true,"href":"https:\/\/www.nierenstiftung.ch\/new\/wp-json\/wp\/v2\/users\/1"}],"replies":[{"embeddable":true,"href":"https:\/\/www.nierenstiftung.ch\/new\/wp-json\/wp\/v2\/comments?post=4590"}],"version-history":[{"count":3,"href":"https:\/\/www.nierenstiftung.ch\/new\/wp-json\/wp\/v2\/pages\/4590\/revisions"}],"predecessor-version":[{"id":4604,"href":"https:\/\/www.nierenstiftung.ch\/new\/wp-json\/wp\/v2\/pages\/4590\/revisions\/4604"}],"wp:attachment":[{"href":"https:\/\/www.nierenstiftung.ch\/new\/wp-json\/wp\/v2\/media?parent=4590"}],"curies":[{"name":"wp","href":"https:\/\/api.w.org\/{rel}","templated":true}]}}