
{"id":4587,"date":"2025-05-23T16:13:35","date_gmt":"2025-05-23T16:13:35","guid":{"rendered":"https:\/\/www.nierenstiftung.ch\/new\/?page_id=4587"},"modified":"2025-05-25T15:52:59","modified_gmt":"2025-05-25T15:52:59","slug":"adaptation-de-lalimentation-lors-traitement-de-substitution-renale-transplantation","status":"publish","type":"page","link":"https:\/\/www.nierenstiftung.ch\/new\/fr\/adaptation-de-lalimentation-lors-traitement-de-substitution-renale-transplantation\/","title":{"rendered":"Adaptation de l&#8217;alimentation lors traitement de substitution r\u00e9nale &#8211; transplantation"},"content":{"rendered":"<p>[et_pb_section fb_built=&#8221;1&#8243; _builder_version=&#8221;4.19.4&#8243; _module_preset=&#8221;default&#8221; use_background_color_gradient=&#8221;on&#8221; background_color_gradient_stops=&#8221;#c491ef 0%|rgba(255,255,255,0) 15%&#8221; custom_padding=&#8221;||1px|||&#8221; global_colors_info=&#8221;{}&#8221;][et_pb_row _builder_version=&#8221;4.19.4&#8243; _module_preset=&#8221;default&#8221; global_colors_info=&#8221;{}&#8221;][et_pb_column type=&#8221;4_4&#8243; _builder_version=&#8221;4.19.4&#8243; _module_preset=&#8221;default&#8221; global_colors_info=&#8221;{}&#8221;][et_pb_code admin_label=&#8221;grafico FR&#8221; _builder_version=&#8221;4.19.4&#8243; _module_preset=&#8221;default&#8221; global_module=&#8221;4462&#8243; global_colors_info=&#8221;{}&#8221;]<script><!-- [et_pb_line_break_holder] -->jQuery(document).ready(function(){<!-- [et_pb_line_break_holder] -->jQuery(\".link1\").hover(function() {<!-- [et_pb_line_break_holder] -->jQuery( '.img-class' ).attr(\"src\",\"https:\/\/www.nierenstiftung.ch\/new\/img\/grafico_fr1.png\");<!-- [et_pb_line_break_holder] -->}, function() {<!-- [et_pb_line_break_holder] -->  jQuery( '.img-class' ).attr(\"src\",\"https:\/\/www.nierenstiftung.ch\/new\/img\/grafico_fr.png\");<!-- [et_pb_line_break_holder] -->  });<!-- [et_pb_line_break_holder] -->jQuery(\".link2\").hover(function() {<!-- [et_pb_line_break_holder] -->jQuery( '.img-class' ).attr(\"src\",\"https:\/\/www.nierenstiftung.ch\/new\/img\/grafico_fr2.png\");<!-- [et_pb_line_break_holder] -->}, function() {<!-- [et_pb_line_break_holder] -->  jQuery( '.img-class' ).attr(\"src\",\"https:\/\/www.nierenstiftung.ch\/new\/img\/grafico_fr.png\");<!-- [et_pb_line_break_holder] -->  });<!-- [et_pb_line_break_holder] -->jQuery(\".link3\").hover(function() {<!-- [et_pb_line_break_holder] -->jQuery( '.img-class' ).attr(\"src\",\"https:\/\/www.nierenstiftung.ch\/new\/img\/grafico_fr3.png\");<!-- [et_pb_line_break_holder] -->}, function() {<!-- [et_pb_line_break_holder] -->  jQuery( '.img-class' ).attr(\"src\",\"https:\/\/www.nierenstiftung.ch\/new\/img\/grafico_fr.png\");<!-- [et_pb_line_break_holder] -->  });<!-- [et_pb_line_break_holder] -->jQuery(\".link4\").hover(function() {<!-- [et_pb_line_break_holder] -->jQuery( '.img-class' ).attr(\"src\",\"https:\/\/www.nierenstiftung.ch\/new\/img\/grafico_fr4.png\");<!-- [et_pb_line_break_holder] -->}, function() {<!-- [et_pb_line_break_holder] -->  jQuery( '.img-class' ).attr(\"src\",\"https:\/\/www.nierenstiftung.ch\/new\/img\/grafico_fr.png\");<!-- [et_pb_line_break_holder] -->  });  <!-- [et_pb_line_break_holder] -->});  <!-- [et_pb_line_break_holder] --><\/script><!-- [et_pb_line_break_holder] --><\/p>\n<div><!-- [et_pb_line_break_holder] --><img decoding=\"async\" class=\"img-class\" src=\"https:\/\/www.nierenstiftung.ch\/new\/img\/grafico_fr.png\" width=\"100%\"><!-- [et_pb_line_break_holder] --><a class=\"link1\" href=\"https:\/\/www.nierenstiftung.ch\/new\/fr\/alimentation-saine-pour-les-reins\" title=\"Une alimentation saine pour les reins\" style=\"position: absolute; left: 0%; top: 0%; width: 36.91%; height: 100%; z-index: 2;\"><\/a><!-- [et_pb_line_break_holder] --><a class=\"link2\" href=\"https:\/\/www.nierenstiftung.ch\/new\/fr\/adapter-son-alimentation-lors-de-fonction-renale-abaissee\/\" title=\"Adapter son alimentation lors de fonction r\u00e9nale abaiss\u00e9e\" style=\"position: absolute; left: 37.32%; top: 0.15%; width: 12.85%; height: 100%; z-index: 2;\"><\/a><!-- [et_pb_line_break_holder] --><a class=\"link3\" href=\"https:\/\/www.nierenstiftung.ch\/new\/fr\/adaptation-de-lalimentation-lors-traitement-de-substitution-renale-hd-dp\/\" title=\"Adaptation de l'alimentation lors traitement de substitution r\u00e9nale \u2013 HD, DP\" style=\"position: absolute; left: 50.41%; top: 0%; width: 24.31%; height: 100%; z-index: 2;\"><\/a><!-- [et_pb_line_break_holder] --><a class=\"link4\" href=\"https:\/\/www.nierenstiftung.ch\/new\/fr\/adaptation-de-lalimentation-lors-traitement-de-substitution-renale-transplantation\/\" title=\"Adaptation de l'alimentation lors de traitement de substitution r\u00e9nale \u2013 Transplantation\" style=\"position: absolute; left: 74.96%; top: 0%; width: 24.88%; height: 100%; z-index: 2;\"><\/a><!-- [et_pb_line_break_holder] --><\/div>\n<p>[\/et_pb_code][\/et_pb_column][\/et_pb_row][\/et_pb_section][et_pb_section fb_built=&#8221;1&#8243; _builder_version=&#8221;4.19.4&#8243; _module_preset=&#8221;default&#8221; background_color=&#8221;#c491ef&#8221; global_colors_info=&#8221;{}&#8221;][et_pb_row _builder_version=&#8221;4.19.4&#8243; _module_preset=&#8221;default&#8221; background_color=&#8221;#c491ef&#8221; custom_padding=&#8221;|20px||20px|false|false&#8221; global_colors_info=&#8221;{}&#8221;][et_pb_column type=&#8221;4_4&#8243; _builder_version=&#8221;4.19.4&#8243; _module_preset=&#8221;default&#8221; global_colors_info=&#8221;{}&#8221;][et_pb_text admin_label=&#8221;Nierengesunde Ern\u00e4hrung&#8221; _builder_version=&#8221;4.19.4&#8243; _module_preset=&#8221;default&#8221; text_text_color=&#8221;#000000&#8243; text_font_size=&#8221;56px&#8221; text_line_height=&#8221;1.2em&#8221; text_font_size_tablet=&#8221;56px&#8221; text_font_size_phone=&#8221;37px&#8221; text_font_size_last_edited=&#8221;on|phone&#8221; locked=&#8221;off&#8221; global_colors_info=&#8221;{}&#8221;]<\/p>\n<p>Adaptation de l&#8217;alimentation lors de traitement de substitution r\u00e9nale<\/p>\n<p>[\/et_pb_text][et_pb_toggle title=&#8221;Adaptation \u00e0 la th\u00e9rapie de remplacement r\u00e9nal &#8211; transplantation r\u00e9nale&#8221; open_toggle_text_color=&#8221;#000000&#8243; icon_color=&#8221;#B61650&#8243; toggle_icon=&#8221;&#x4c;||divi||400&#8243; use_icon_font_size=&#8221;on&#8221; icon_font_size=&#8221;40px&#8221; open_icon_color=&#8221;#B61650&#8243; open_toggle_icon=&#8221;&#x4b;||divi||400&#8243; open_use_icon_font_size=&#8221;on&#8221; open_icon_font_size=&#8221;40px&#8221; admin_label=&#8221;Nierengesunde Ern\u00e4hrung&#8221; _builder_version=&#8221;4.19.4&#8243; _module_preset=&#8221;default&#8221; title_text_color=&#8221;#000000&#8243; title_level=&#8221;h3&#8243; title_font=&#8221;Rasa||||||||&#8221; title_font_size=&#8221;25px&#8221; body_text_color=&#8221;#000000&#8243; body_font_size=&#8221;17px&#8221; background_color=&#8221;#c491ef&#8221; custom_css_open_toggle=&#8221;content: %22%92e04b%22;&#8221; border_width_all=&#8221;0px&#8221; border_width_bottom=&#8221;1px&#8221; border_color_bottom=&#8221;#B61650&#8243; locked=&#8221;off&#8221; global_colors_info=&#8221;{}&#8221;]<\/p>\n<p><img loading=\"lazy\" decoding=\"async\" class=\"wp-image-4612 alignnone size-medium\" src=\"https:\/\/www.nierenstiftung.ch\/new\/wp-content\/uploads\/2024\/12\/2reni_fr-500x175.jpg\" alt=\"\" width=\"500\" height=\"175\" \/><\/p>\n<p>Apr\u00e8s la transplantation, les recommandations d&#8217;une alimentation saine et \u00e9quilibr\u00e9e s&#8217;appliquent. Veillez \u00e0 avoir un rythme de repas r\u00e9gulier et mangez les repas consciemment et avec plaisir. Apr\u00e8s une transplantation, des envies de manger et des fringales peuvent survenir. Une glyc\u00e9mie stable aide \u00e0 r\u00e9duire les envies de manger. Essayez donc de trouver un rythme de repas r\u00e9gulier, d&#8217;\u00e9viter les snacks entre les repas et <a href=\"https:\/\/www.nierenstiftung.ch\/new\/fr\/alimentation-saine-pour-les-reins#alimentazione\"><strong>d&#8217;\u00e9quilibrer les repas<\/strong><\/a><\/p>\n<p>Les envies de manger et la diminution de l&#8217;activit\u00e9 physique sont souvent coresponsables d&#8217;une prise de poids apr\u00e8s une transplantation.<\/p>\n<p>Apports en liquides<\/p>\n<p><img loading=\"lazy\" decoding=\"async\" class=\"wp-image-3751 size-medium alignleft\" src=\"https:\/\/www.nierenstiftung.ch\/new\/wp-content\/uploads\/2024\/12\/AdobeStock_108033552-333x500.jpeg\" alt=\"\" width=\"167\" height=\"250\" srcset=\"https:\/\/www.nierenstiftung.ch\/new\/wp-content\/uploads\/2024\/12\/AdobeStock_108033552-333x500.jpeg 333w, https:\/\/www.nierenstiftung.ch\/new\/wp-content\/uploads\/2024\/12\/AdobeStock_108033552-683x1024.jpeg 683w, https:\/\/www.nierenstiftung.ch\/new\/wp-content\/uploads\/2024\/12\/AdobeStock_108033552-768x1152.jpeg 768w, https:\/\/www.nierenstiftung.ch\/new\/wp-content\/uploads\/2024\/12\/AdobeStock_108033552-scaled.jpeg 1707w\" sizes=\"auto, (max-width: 167px) 100vw, 167px\" \/><\/p>\n<p>Votre rein transplant\u00e9 a besoin de suffisamment de liquide. Buvez donc selon votre soif, entre 1,5 et 3 litres par jour, principalement de l&#8217;eau ou des boissons non sucr\u00e9es. Les boissons sucr\u00e9es (m\u00eame sous forme de jus de fruits) peuvent renforcer les envies de manger et constituent en outre un apport calorique inutile, ce qui favorise la prise de poids.<\/p>\n<p>Compensez les pertes de liquide dues \u00e0 la transpiration par des boissons suppl\u00e9mentaires. Peu importe que vous transpiriez \u00e0 cause du sport ou par exemple \u00e0 cause des temp\u00e9ratures \u00e9lev\u00e9es de l&#8217;\u00e9t\u00e9. L&#8217;essentiel est que vous remplaciez la perte de liquide par une quantit\u00e9 suffisante de liquide.<\/p>\n<p>Comme contr\u00f4le \u00e9ventuel, vous pouvez v\u00e9rifier la couleur de votre urine. Celle-ci doit toujours \u00eatre claire et limpide. Si votre urine est jaune et plut\u00f4t fonc\u00e9e, cela signifie que vous n&#8217;avez pas assez bu.<\/p>\n<p>[\/et_pb_toggle][et_pb_toggle title=&#8221;\u00c9viter les aliments qui peuvent influencer l&#8217;effet de l&#8217;immunosuppression&#8221; open_toggle_text_color=&#8221;#000000&#8243; icon_color=&#8221;#B61650&#8243; toggle_icon=&#8221;&#x4c;||divi||400&#8243; use_icon_font_size=&#8221;on&#8221; icon_font_size=&#8221;40px&#8221; open_icon_color=&#8221;#B61650&#8243; open_toggle_icon=&#8221;&#x4b;||divi||400&#8243; open_use_icon_font_size=&#8221;on&#8221; open_icon_font_size=&#8221;40px&#8221; admin_label=&#8221;Salzreduzierte Ern\u00e4hrung &#8221; _builder_version=&#8221;4.19.4&#8243; _module_preset=&#8221;default&#8221; title_text_color=&#8221;#000000&#8243; title_level=&#8221;h3&#8243; title_font=&#8221;Rasa||||||||&#8221; title_font_size=&#8221;25px&#8221; body_text_color=&#8221;#000000&#8243; body_font_size=&#8221;17px&#8221; background_color=&#8221;#c491ef&#8221; hover_enabled=&#8221;0&#8243; custom_css_open_toggle=&#8221;content: %22%92e04b%22;&#8221; border_width_all=&#8221;0px&#8221; border_width_bottom=&#8221;1px&#8221; border_color_bottom=&#8221;#B61650&#8243; locked=&#8221;off&#8221; global_colors_info=&#8221;{}&#8221; sticky_enabled=&#8221;0&#8243;]<\/p>\n<p><img loading=\"lazy\" decoding=\"async\" class=\"wp-image-3762 aligncenter size-full\" src=\"https:\/\/www.nierenstiftung.ch\/new\/wp-content\/uploads\/2024\/12\/Grapefruit_cr.jpg\" alt=\"\" width=\"875\" height=\"463\" srcset=\"https:\/\/www.nierenstiftung.ch\/new\/wp-content\/uploads\/2024\/12\/Grapefruit_cr.jpg 875w, https:\/\/www.nierenstiftung.ch\/new\/wp-content\/uploads\/2024\/12\/Grapefruit_cr-480x254.jpg 480w\" sizes=\"auto, (min-width: 0px) and (max-width: 480px) 480px, (min-width: 481px) 875px, 100vw\" \/>Apr\u00e8s la transplantation, vous prenez des immunosuppresseurs. Dans ce cas, des interactions peuvent se produire si vous consommez des pamplemousses et des produits qui en sont d\u00e9riv\u00e9s.<\/p>\n<p>\u00c9vitez donc de consommer du pamplemousse, du jus et d&#8217;autres pr\u00e9parations \u00e0 base de pamplemousse.<\/p>\n<p>[\/et_pb_toggle][et_pb_toggle title=&#8221;Hygi\u00e8ne alimentaire&#8221; open_toggle_text_color=&#8221;#000000&#8243; icon_color=&#8221;#B61650&#8243; toggle_icon=&#8221;&#x4c;||divi||400&#8243; use_icon_font_size=&#8221;on&#8221; icon_font_size=&#8221;40px&#8221; open_icon_color=&#8221;#B61650&#8243; open_toggle_icon=&#8221;&#x4b;||divi||400&#8243; open_use_icon_font_size=&#8221;on&#8221; open_icon_font_size=&#8221;40px&#8221; admin_label=&#8221;Weitere Empfehlungen &#8221; _builder_version=&#8221;4.19.4&#8243; _module_preset=&#8221;default&#8221; title_text_color=&#8221;#000000&#8243; title_level=&#8221;h3&#8243; title_font=&#8221;Rasa||||||||&#8221; title_font_size=&#8221;25px&#8221; body_text_color=&#8221;#000000&#8243; body_font_size=&#8221;17px&#8221; background_color=&#8221;#c491ef&#8221; custom_css_open_toggle=&#8221;content: %22%92e04b%22;&#8221; border_width_all=&#8221;0px&#8221; border_width_bottom=&#8221;1px&#8221; border_color_bottom=&#8221;#B61650&#8243; locked=&#8221;off&#8221; global_colors_info=&#8221;{}&#8221;]<\/p>\n<p>La prise d&#8217;immunosuppresseurs inhibe d&#8217;une part le syst\u00e8me immunitaire contre le rejet d&#8217;organes, mais d&#8217;autre part aussi les d\u00e9fenses immunitaires qui prot\u00e8gent l&#8217;individu contre les infections.<\/p>\n<p>Pour \u00e9viter une infection (par ex. salmonellose ou toxoplasmose), il faut veiller \u00e0 une bonne hygi\u00e8ne dans la pr\u00e9paration et \u00e0 un stockage correct des aliments.<\/p>\n<p>Il est recommand\u00e9 de ne pas consommer d&#8217;\u0153ufs, de viande et de poisson crus, ni de produits laitiers non pasteuris\u00e9s. En cas d&#8217;\u00e9ventuelles exceptions, il faut absolument veiller \u00e0 l&#8217;origine (hygi\u00e8ne) et \u00e0 la fra\u00eecheur des produits.<\/p>\n<p>[\/et_pb_toggle][et_pb_toggle title=&#8221;Pr\u00e9vention de la diminution de la densit\u00e9 osseuse&#8221; open_toggle_text_color=&#8221;#000000&#8243; icon_color=&#8221;#B61650&#8243; toggle_icon=&#8221;&#x4c;||divi||400&#8243; use_icon_font_size=&#8221;on&#8221; icon_font_size=&#8221;40px&#8221; open_icon_color=&#8221;#B61650&#8243; open_toggle_icon=&#8221;&#x4b;||divi||400&#8243; open_use_icon_font_size=&#8221;on&#8221; open_icon_font_size=&#8221;40px&#8221; admin_label=&#8221;Weitere Empfehlungen &#8221; _builder_version=&#8221;4.19.4&#8243; _module_preset=&#8221;default&#8221; title_text_color=&#8221;#000000&#8243; title_level=&#8221;h3&#8243; title_font=&#8221;Rasa||||||||&#8221; title_font_size=&#8221;25px&#8221; body_text_color=&#8221;#000000&#8243; body_font_size=&#8221;17px&#8221; background_color=&#8221;#c491ef&#8221; custom_css_open_toggle=&#8221;content: %22%92e04b%22;&#8221; border_width_all=&#8221;0px&#8221; border_width_bottom=&#8221;1px&#8221; border_color_bottom=&#8221;#B61650&#8243; locked=&#8221;off&#8221; global_colors_info=&#8221;{}&#8221;]<\/p>\n<p><img loading=\"lazy\" decoding=\"async\" class=\"wp-image-3752 size-medium aligncenter\" src=\"https:\/\/www.nierenstiftung.ch\/new\/wp-content\/uploads\/2024\/12\/AdobeStock_166171951-500x333.jpeg\" alt=\"\" width=\"500\" height=\"333\" \/><\/p>\n<p>L&#8217;apparition d&#8217;une ost\u00e9oporose (perte de masse osseuse) peut \u00eatre favoris\u00e9e par la prise de cortisone.<\/p>\n<p>C&#8217;est pourquoi il est tr\u00e8s important de consommer r\u00e9guli\u00e8rement suffisamment de calcium apr\u00e8s une transplantation. Le calcium se trouve dans de nombreux groupes d&#8217;aliments diff\u00e9rents. Les produits laitiers, les produits \u00e0 base de soja, les graines et les ol\u00e9agineux, les l\u00e9gumes verts (p. ex. chou vert, brocoli), les produits \u00e0 base de c\u00e9r\u00e9ales compl\u00e8tes ainsi que certaines eaux min\u00e9rales (p. ex. Eptinger, Farmer, Adelbodner) pr\u00e9sentent une teneur \u00e9lev\u00e9e en calcium.<\/p>\n<p>[\/et_pb_toggle][\/et_pb_column][\/et_pb_row][et_pb_row _builder_version=&#8221;4.19.4&#8243; _module_preset=&#8221;default&#8221; border_width_top=&#8221;1px&#8221; locked=&#8221;off&#8221; global_colors_info=&#8221;{}&#8221;][et_pb_column type=&#8221;4_4&#8243; _builder_version=&#8221;4.19.4&#8243; _module_preset=&#8221;default&#8221; global_colors_info=&#8221;{}&#8221;][et_pb_text _builder_version=&#8221;4.19.4&#8243; _dynamic_attributes=&#8221;link_option_url&#8221; _module_preset=&#8221;default&#8221; text_text_color=&#8221;#000000&#8243; text_font_size=&#8221;18px&#8221; header_2_font_size=&#8221;22px&#8221; header_3_font=&#8221;|700|||||||&#8221; header_3_text_color=&#8221;#FFFFFF&#8221; header_3_font_size=&#8221;18px&#8221; background_color=&#8221;#EE7203&#8243; custom_padding=&#8221;30px|10px|10px|10px|false|false&#8221; link_option_url=&#8221;@ET-DC@eyJkeW5hbWljIjp0cnVlLCJjb250ZW50IjoicG9zdF9saW5rX3VybF9wYWdlIiwic2V0dGluZ3MiOnsicG9zdF9pZCI6IjQ1OTAifX0=@&#8221; text_font_size_tablet=&#8221;18px&#8221; text_font_size_phone=&#8221;14px&#8221; text_font_size_last_edited=&#8221;on|phone&#8221; header_2_font_size_tablet=&#8221;22px&#8221; header_2_font_size_phone=&#8221;22px&#8221; header_2_font_size_last_edited=&#8221;on|phone&#8221; custom_css_main_element=&#8221;ul {margin-left:20px}&#8221; locked=&#8221;off&#8221; global_colors_info=&#8221;{}&#8221;]<\/p>\n<h3>Liste des di\u00e9t\u00e9ticien:nes sp\u00e9cialis\u00e9:es en n\u00e9phrologie<\/h3>\n<p>[\/et_pb_text][et_pb_text _builder_version=&#8221;4.19.4&#8243; _dynamic_attributes=&#8221;link_option_url&#8221; _module_preset=&#8221;default&#8221; text_text_color=&#8221;#000000&#8243; text_font_size=&#8221;18px&#8221; header_2_font_size=&#8221;22px&#8221; header_3_font=&#8221;|700|||||||&#8221; header_3_text_color=&#8221;#FFFFFF&#8221; header_3_font_size=&#8221;18px&#8221; background_color=&#8221;#EE7203&#8243; custom_padding=&#8221;30px|10px|10px|10px|false|false&#8221; link_option_url=&#8221;@ET-DC@eyJkeW5hbWljIjp0cnVlLCJjb250ZW50IjoicG9zdF9saW5rX3VybF9wYWdlIiwic2V0dGluZ3MiOnsicG9zdF9pZCI6IjQ1OTQifX0=@&#8221; text_font_size_tablet=&#8221;18px&#8221; text_font_size_phone=&#8221;14px&#8221; text_font_size_last_edited=&#8221;on|phone&#8221; header_2_font_size_tablet=&#8221;22px&#8221; header_2_font_size_phone=&#8221;22px&#8221; header_2_font_size_last_edited=&#8221;on|phone&#8221; custom_css_main_element=&#8221;ul {margin-left:20px}&#8221; locked=&#8221;off&#8221; global_colors_info=&#8221;{}&#8221;]<\/p>\n<h3>Recettes sous forme de calendrier \/ livres de cuisine \/ liens vers d&#8217;excellentes recettes en g\u00e9n\u00e9ral<\/h3>\n<p>[\/et_pb_text][\/et_pb_column][\/et_pb_row][\/et_pb_section]<\/p>\n","protected":false},"excerpt":{"rendered":"<p>Adaptation de l&#8217;alimentation lors de traitement de substitution r\u00e9nale Apr\u00e8s la transplantation, les recommandations d&#8217;une alimentation saine et \u00e9quilibr\u00e9e s&#8217;appliquent. Veillez \u00e0 avoir un rythme de repas r\u00e9gulier et mangez les repas consciemment et avec plaisir. Apr\u00e8s une transplantation, des envies de manger et des fringales peuvent survenir. Une glyc\u00e9mie stable aide \u00e0 r\u00e9duire les [&hellip;]<\/p>\n","protected":false},"author":1,"featured_media":0,"parent":0,"menu_order":0,"comment_status":"closed","ping_status":"closed","template":"","meta":{"_et_pb_use_builder":"on","_et_pb_old_content":"","_et_gb_content_width":"","footnotes":"","_links_to":"","_links_to_target":""},"class_list":["post-4587","page","type-page","status-publish","hentry"],"_links":{"self":[{"href":"https:\/\/www.nierenstiftung.ch\/new\/wp-json\/wp\/v2\/pages\/4587","targetHints":{"allow":["GET"]}}],"collection":[{"href":"https:\/\/www.nierenstiftung.ch\/new\/wp-json\/wp\/v2\/pages"}],"about":[{"href":"https:\/\/www.nierenstiftung.ch\/new\/wp-json\/wp\/v2\/types\/page"}],"author":[{"embeddable":true,"href":"https:\/\/www.nierenstiftung.ch\/new\/wp-json\/wp\/v2\/users\/1"}],"replies":[{"embeddable":true,"href":"https:\/\/www.nierenstiftung.ch\/new\/wp-json\/wp\/v2\/comments?post=4587"}],"version-history":[{"count":2,"href":"https:\/\/www.nierenstiftung.ch\/new\/wp-json\/wp\/v2\/pages\/4587\/revisions"}],"predecessor-version":[{"id":4648,"href":"https:\/\/www.nierenstiftung.ch\/new\/wp-json\/wp\/v2\/pages\/4587\/revisions\/4648"}],"wp:attachment":[{"href":"https:\/\/www.nierenstiftung.ch\/new\/wp-json\/wp\/v2\/media?parent=4587"}],"curies":[{"name":"wp","href":"https:\/\/api.w.org\/{rel}","templated":true}]}}