
{"id":4555,"date":"2025-05-23T15:05:49","date_gmt":"2025-05-23T15:05:49","guid":{"rendered":"https:\/\/www.nierenstiftung.ch\/new\/?page_id=4555"},"modified":"2025-10-13T16:14:13","modified_gmt":"2025-10-13T16:14:13","slug":"nutrition","status":"publish","type":"page","link":"https:\/\/www.nierenstiftung.ch\/new\/en\/nutrition\/","title":{"rendered":"Nutrition"},"content":{"rendered":"<p>[et_pb_section fb_built=&#8221;1&#8243; fullwidth=&#8221;on&#8221; _builder_version=&#8221;4.19.4&#8243; _module_preset=&#8221;default&#8221; global_colors_info=&#8221;{}&#8221;][et_pb_fullwidth_slider _builder_version=&#8221;4.19.4&#8243; _module_preset=&#8221;default&#8221; custom_button=&#8221;on&#8221; button_bg_color=&#8221;#b61650&#8243; button_border_color=&#8221;RGBA(255,255,255,0)&#8221; button_border_radius=&#8221;0px&#8221; button_custom_margin=&#8221;||||false|false&#8221; button_custom_padding=&#8221;|250px|||false|false&#8221; text_orientation=&#8221;right&#8221; content_width=&#8221;100%&#8221; content_max_width=&#8221;1280px&#8221; custom_margin=&#8221;||||false|false&#8221; custom_padding=&#8221;||400px||false|false&#8221; custom_css_slide_button=&#8221;top:50px&#8221; global_colors_info=&#8221;{}&#8221;][et_pb_slide button_text=&#8221;Donate&#8221; button_link=&#8221;@ET-DC@eyJkeW5hbWljIjp0cnVlLCJjb250ZW50IjoicG9zdF9saW5rX3VybF9wYWdlIiwic2V0dGluZ3MiOnsicG9zdF9pZCI6IjExMTcifX0=@&#8221; _builder_version=&#8221;4.19.4&#8243; _dynamic_attributes=&#8221;button_link&#8221; _module_preset=&#8221;default&#8221; background_image=&#8221;https:\/\/www.nierenstiftung.ch\/new\/wp-content\/uploads\/2023\/05\/ratgeber-1.jpg&#8221; background_enable_image=&#8221;on&#8221; custom_button=&#8221;on&#8221; button_bg_color=&#8221;#b61650&#8243; button_border_color=&#8221;RGBA(255,255,255,0)&#8221; button_alignment=&#8221;right&#8221; global_colors_info=&#8221;{}&#8221; sticky_transition=&#8221;on&#8221;][\/et_pb_slide][\/et_pb_fullwidth_slider][\/et_pb_section][et_pb_section fb_built=&#8221;1&#8243; _builder_version=&#8221;4.19.4&#8243; _module_preset=&#8221;default&#8221; background_color=&#8221;#f3f3f3&#8243; custom_padding=&#8221;26px||50px|||&#8221; global_colors_info=&#8221;{}&#8221;][et_pb_row _builder_version=&#8221;4.19.4&#8243; _module_preset=&#8221;default&#8221; custom_margin=&#8221;|auto|2px|auto|false|false&#8221; custom_padding=&#8221;||1px|||&#8221; global_colors_info=&#8221;{}&#8221;][et_pb_column type=&#8221;4_4&#8243; _builder_version=&#8221;4.19.4&#8243; _module_preset=&#8221;default&#8221; global_colors_info=&#8221;{}&#8221;][et_pb_text admin_label=&#8221;Ratgeber&#8221; _builder_version=&#8221;4.19.4&#8243; _module_preset=&#8221;default&#8221; text_text_color=&#8221;#EE7203&#8243; text_font_size=&#8221;50px&#8221; text_line_height=&#8221;1.2em&#8221; text_font_size_tablet=&#8221;64px&#8221; text_font_size_phone=&#8221;43px&#8221; text_font_size_last_edited=&#8221;on|phone&#8221; global_colors_info=&#8221;{}&#8221;]Nutrition[\/et_pb_text][\/et_pb_column][\/et_pb_row][et_pb_row _builder_version=&#8221;4.19.4&#8243; _module_preset=&#8221;default&#8221; global_colors_info=&#8221;{}&#8221;][et_pb_column type=&#8221;4_4&#8243; _builder_version=&#8221;4.19.4&#8243; _module_preset=&#8221;default&#8221; global_colors_info=&#8221;{}&#8221;][et_pb_text admin_label=&#8221;text&#8221; _builder_version=&#8221;4.19.4&#8243; _module_preset=&#8221;default&#8221; hover_enabled=&#8221;0&#8243; global_colors_info=&#8221;{}&#8221; sticky_enabled=&#8221;0&#8243;]<\/p>\n<p>Dear people affected by chronic kidney disease<br \/>Dear relatives<br \/>Dear interested parties<\/p>\n<p>There is a lot of information on the Internet, in newspapers and brochures about what people with kidney disease should eat. This information often appears contradictory and confusing. The Swiss Kidney Foundation would like to help you understand and categorise this information.<\/p>\n<p>Nutrition plays a central role in the treatment of chronic kidney disease. A healthy and balanced diet can have a positive influence on the course of the disease. It also has an effect on the underlying factors that originally contributed to the development of kidney disease. Patients with diabetes or obesity benefit especially from an adapted diet. High blood pressure can also be reduced with the right diet.<\/p>\n<p>The most important dietary recommendations are listed in the following chapters. They vary depending on the stage of your illness and your individual situation. Always follow the recommendations of your healthcare professional. It is also advisable to seek advice from a Renal Dietician (nutritionist). They will help you to personalize your diet to find the optimum balance between kidney health and quality of life. These consultations are covered by basic insurance with a doctor&#8217;s prescription.<\/p>\n<p><em><strong>Translations<\/strong><\/em><br \/><em>The French, Italian and English versions of the information are translations. In case of doubt, the German version shall prevail.<\/em><\/p>\n<p>[\/et_pb_text][et_pb_code admin_label=&#8221;grafico EN&#8221; _builder_version=&#8221;4.19.4&#8243; _module_preset=&#8221;default&#8221; global_module=&#8221;4458&#8243; global_colors_info=&#8221;{}&#8221;]<script><!-- [et_pb_line_break_holder] -->jQuery(document).ready(function(){<!-- [et_pb_line_break_holder] -->jQuery(\".link1\").hover(function() {<!-- [et_pb_line_break_holder] -->jQuery( '.img-class' ).attr(\"src\",\"https:\/\/www.nierenstiftung.ch\/new\/img\/grafico_en1.png\");<!-- [et_pb_line_break_holder] -->}, function() {<!-- [et_pb_line_break_holder] -->  jQuery( '.img-class' ).attr(\"src\",\"https:\/\/www.nierenstiftung.ch\/new\/img\/grafico_en.png\");<!-- [et_pb_line_break_holder] -->  });<!-- [et_pb_line_break_holder] -->jQuery(\".link2\").hover(function() {<!-- [et_pb_line_break_holder] -->jQuery( '.img-class' ).attr(\"src\",\"https:\/\/www.nierenstiftung.ch\/new\/img\/grafico_en2.png\");<!-- [et_pb_line_break_holder] -->}, function() {<!-- [et_pb_line_break_holder] -->  jQuery( '.img-class' ).attr(\"src\",\"https:\/\/www.nierenstiftung.ch\/new\/img\/grafico_en.png\");<!-- [et_pb_line_break_holder] -->  });<!-- [et_pb_line_break_holder] -->jQuery(\".link3\").hover(function() {<!-- [et_pb_line_break_holder] -->jQuery( '.img-class' ).attr(\"src\",\"https:\/\/www.nierenstiftung.ch\/new\/img\/grafico_en3.png\");<!-- [et_pb_line_break_holder] -->}, function() {<!-- [et_pb_line_break_holder] -->  jQuery( '.img-class' ).attr(\"src\",\"https:\/\/www.nierenstiftung.ch\/new\/img\/grafico_en.png\");<!-- [et_pb_line_break_holder] -->  });<!-- [et_pb_line_break_holder] -->jQuery(\".link4\").hover(function() {<!-- [et_pb_line_break_holder] -->jQuery( '.img-class' ).attr(\"src\",\"https:\/\/www.nierenstiftung.ch\/new\/img\/grafico_en4.png\");<!-- [et_pb_line_break_holder] -->}, function() {<!-- [et_pb_line_break_holder] -->  jQuery( '.img-class' ).attr(\"src\",\"https:\/\/www.nierenstiftung.ch\/new\/img\/grafico_en.png\");<!-- [et_pb_line_break_holder] -->  });  <!-- [et_pb_line_break_holder] -->});  <!-- [et_pb_line_break_holder] --><\/script><!-- [et_pb_line_break_holder] --><\/p>\n<div><!-- [et_pb_line_break_holder] --><img decoding=\"async\" class=\"img-class\" src=\"https:\/\/www.nierenstiftung.ch\/new\/img\/grafico_en.png\" width=\"100%\"><!-- [et_pb_line_break_holder] --><a class=\"link1\" href=\"https:\/\/www.nierenstiftung.ch\/new\/en\/kidney-friendly-food\/\" title=\"Kidney-friendly food\" style=\"position: absolute; left: 0%; top: 0%; width: 36.91%; height: 100%; z-index: 2;\"><\/a><!-- [et_pb_line_break_holder] --><a class=\"link2\" href=\"https:\/\/www.nierenstiftung.ch\/new\/en\/adapting-the-diet-to-declining-kidney-function\/\" title=\"Adapting the diet to declining kidney function\" style=\"position: absolute; left: 37.32%; top: 0.15%; width: 12.85%; height: 100%; z-index: 2;\"><\/a><!-- [et_pb_line_break_holder] --><a class=\"link3\" href=\"https:\/\/www.nierenstiftung.ch\/new\/en\/adapting-the-diet-to-renal-replacement-therapy-hd-pd\/\" title=\"Adapting the diet to renal replacement therapy - HD, PD\" style=\"position: absolute; left: 50.41%; top: 0%; width: 24.31%; height: 100%; z-index: 2;\"><\/a><!-- [et_pb_line_break_holder] --><a class=\"link4\" href=\"https:\/\/www.nierenstiftung.ch\/new\/en\/adapting-to-renal-replacement-therapy-transplantation\/\" title=\"Adapting to renal replacement therapy - transplantation\" style=\"position: absolute; left: 74.96%; top: 0%; width: 24.88%; height: 100%; z-index: 2;\"><\/a><!-- [et_pb_line_break_holder] --><\/div>\n<p>[\/et_pb_code][\/et_pb_column][\/et_pb_row][\/et_pb_section][et_pb_section fb_built=&#8221;1&#8243; _builder_version=&#8221;4.19.4&#8243; _module_preset=&#8221;default&#8221; background_color=&#8221;RGBA(255,255,255,0)&#8221; custom_padding=&#8221;26px||50px|||&#8221; global_colors_info=&#8221;{}&#8221;][et_pb_row _builder_version=&#8221;4.19.4&#8243; _module_preset=&#8221;default&#8221; custom_margin=&#8221;|auto|2px|auto|false|false&#8221; custom_padding=&#8221;||1px|||&#8221; global_colors_info=&#8221;{}&#8221;][et_pb_column type=&#8221;4_4&#8243; _builder_version=&#8221;4.19.4&#8243; _module_preset=&#8221;default&#8221; global_colors_info=&#8221;{}&#8221;][et_pb_text _builder_version=&#8221;4.19.4&#8243; _dynamic_attributes=&#8221;link_option_url&#8221; _module_preset=&#8221;default&#8221; text_font_size=&#8221;18px&#8221; header_font=&#8221;|700|||||||&#8221; header_2_font_size=&#8221;22px&#8221; header_3_font=&#8221;|700|||||||&#8221; header_3_font_size=&#8221;18px&#8221; background_color=&#8221;#d0f987&#8243; custom_padding=&#8221;10px|10px|10px|10px|false|false&#8221; link_option_url=&#8221;@ET-DC@eyJkeW5hbWljIjp0cnVlLCJjb250ZW50IjoicG9zdF9saW5rX3VybF9wYWdlIiwic2V0dGluZ3MiOnsicG9zdF9pZCI6IjQ1MTAifX0=@&#8221; text_font_size_tablet=&#8221;18px&#8221; text_font_size_phone=&#8221;14px&#8221; text_font_size_last_edited=&#8221;on|phone&#8221; header_2_font_size_tablet=&#8221;22px&#8221; header_2_font_size_phone=&#8221;22px&#8221; header_2_font_size_last_edited=&#8221;on|phone&#8221; custom_css_main_element=&#8221;ul {margin-left:20px}&#8221; global_colors_info=&#8221;{}&#8221;]<\/p>\n<h3>Kidney-friendly food<\/h3>\n<ul class=\"pad20\">\n<li><span>Kidney-healthy diet<\/span><\/li>\n<li><span><\/span><span>Low-salt diet<\/span><\/li>\n<li><span><\/span>Further recommendations<\/li>\n<\/ul>\n<p>[\/et_pb_text][et_pb_text _builder_version=&#8221;4.19.4&#8243; _dynamic_attributes=&#8221;link_option_url&#8221; _module_preset=&#8221;default&#8221; text_font_size=&#8221;18px&#8221; header_2_font_size=&#8221;22px&#8221; header_3_font=&#8221;|700|||||||&#8221; header_3_font_size=&#8221;18px&#8221; background_color=&#8221;#a7f7e6&#8243; custom_padding=&#8221;10px|10px|10px|10px|false|false&#8221; link_option_url=&#8221;@ET-DC@eyJkeW5hbWljIjp0cnVlLCJjb250ZW50IjoicG9zdF9saW5rX3VybF9wYWdlIiwic2V0dGluZ3MiOnsicG9zdF9pZCI6IjQ1MTMifX0=@&#8221; text_font_size_tablet=&#8221;18px&#8221; text_font_size_phone=&#8221;14px&#8221; text_font_size_last_edited=&#8221;on|phone&#8221; header_2_font_size_tablet=&#8221;22px&#8221; header_2_font_size_phone=&#8221;22px&#8221; header_2_font_size_last_edited=&#8221;on|phone&#8221; custom_css_main_element=&#8221;ul {margin-left:20px}&#8221; global_colors_info=&#8221;{}&#8221;]<\/p>\n<h3>Adapting the diet to declining kidney function<\/h3>\n<ul class=\"pad20\">\n<li><span>No excess of protein<\/span><\/li>\n<li><span><\/span>Depending on the severity of kidney function loss: phosphate and potassium-reduced diet<\/li>\n<li><span>Medication support<\/span><\/li>\n<\/ul>\n<p>[\/et_pb_text][et_pb_text _builder_version=&#8221;4.19.4&#8243; _dynamic_attributes=&#8221;link_option_url&#8221; _module_preset=&#8221;default&#8221; text_text_color=&#8221;#FFFFFF&#8221; text_font_size=&#8221;18px&#8221; header_font=&#8221;|700|||||||&#8221; header_2_font_size=&#8221;22px&#8221; header_3_font=&#8221;|700|||||||&#8221; header_3_text_color=&#8221;#FFFFFF&#8221; header_3_font_size=&#8221;18px&#8221; background_color=&#8221;#6c9aee&#8221; custom_padding=&#8221;10px|10px|10px|10px|false|false&#8221; link_option_url=&#8221;@ET-DC@eyJkeW5hbWljIjp0cnVlLCJjb250ZW50IjoicG9zdF9saW5rX3VybF9wYWdlIiwic2V0dGluZ3MiOnsicG9zdF9pZCI6IjQ1MjAifX0=@&#8221; text_font_size_tablet=&#8221;18px&#8221; text_font_size_phone=&#8221;14px&#8221; text_font_size_last_edited=&#8221;on|phone&#8221; header_2_font_size_tablet=&#8221;22px&#8221; header_2_font_size_phone=&#8221;22px&#8221; header_2_font_size_last_edited=&#8221;on|phone&#8221; custom_css_main_element=&#8221;ul {margin-left:20px}&#8221; global_colors_info=&#8221;{}&#8221;]<\/p>\n<h3>Adapting the diet to renal replacement therapy<\/h3>\n<ul>\n<li><span>Adaptation to renal replacement therapy \u2013 HD (Hemodialysis), PD (Peritoneal dialysis)<\/span><\/li>\n<li><span><\/span><span>Fluids<\/span><\/li>\n<li><span><\/span><span>Phosphate and potassium-reduced diet<\/span><\/li>\n<li><span><\/span>Medication support<\/li>\n<\/ul>\n<p>[\/et_pb_text][et_pb_text _builder_version=&#8221;4.19.4&#8243; _dynamic_attributes=&#8221;link_option_url&#8221; _module_preset=&#8221;default&#8221; text_text_color=&#8221;#000000&#8243; text_font_size=&#8221;18px&#8221; header_2_font_size=&#8221;22px&#8221; header_3_font=&#8221;|700|||||||&#8221; header_3_font_size=&#8221;18px&#8221; background_color=&#8221;#c491ef&#8221; custom_padding=&#8221;10px|10px|10px|10px|false|false&#8221; link_option_url=&#8221;@ET-DC@eyJkeW5hbWljIjp0cnVlLCJjb250ZW50IjoicG9zdF9saW5rX3VybF9wYWdlIiwic2V0dGluZ3MiOnsicG9zdF9pZCI6IjQ1MjMifX0=@&#8221; text_font_size_tablet=&#8221;18px&#8221; text_font_size_phone=&#8221;14px&#8221; text_font_size_last_edited=&#8221;on|phone&#8221; header_2_font_size_tablet=&#8221;22px&#8221; header_2_font_size_phone=&#8221;22px&#8221; header_2_font_size_last_edited=&#8221;on|phone&#8221; custom_css_main_element=&#8221;ul {margin-left:20px}&#8221; global_colors_info=&#8221;{}&#8221;]<\/p>\n<h3>Adapting the diet to renal replacement therapy<\/h3>\n<ul class=\"pad20\">\n<li><span>Adapting to renal replacement therapy &#8211; transplantation<\/span><\/li>\n<li><span><\/span><span>Avoiding foods that can influence the effects of immunosuppression<\/span><\/li>\n<li><span><\/span><span>Food hygiene<\/span><\/li>\n<li><span><\/span><span>Prevention of a decrease in bone density<\/span><\/li>\n<\/ul>\n<p>[\/et_pb_text][et_pb_text _builder_version=&#8221;4.19.4&#8243; _dynamic_attributes=&#8221;link_option_url&#8221; _module_preset=&#8221;default&#8221; text_text_color=&#8221;#000000&#8243; text_font_size=&#8221;18px&#8221; header_2_font_size=&#8221;22px&#8221; header_3_font=&#8221;|700|||||||&#8221; header_3_text_color=&#8221;#FFFFFF&#8221; header_3_font_size=&#8221;18px&#8221; background_color=&#8221;#EE7203&#8243; custom_padding=&#8221;30px|10px|10px|10px|false|false&#8221; link_option_url=&#8221;@ET-DC@eyJkeW5hbWljIjp0cnVlLCJjb250ZW50IjoicG9zdF9saW5rX3VybF9wYWdlIiwic2V0dGluZ3MiOnsicG9zdF9pZCI6IjQ1MjgifX0=@&#8221; text_font_size_tablet=&#8221;18px&#8221; text_font_size_phone=&#8221;14px&#8221; text_font_size_last_edited=&#8221;on|phone&#8221; header_2_font_size_tablet=&#8221;22px&#8221; header_2_font_size_phone=&#8221;22px&#8221; header_2_font_size_last_edited=&#8221;on|phone&#8221; custom_css_main_element=&#8221;ul {margin-left:20px}&#8221; locked=&#8221;off&#8221; global_colors_info=&#8221;{}&#8221;]<\/p>\n<h3>List of renal dieticians<\/h3>\n<p>[\/et_pb_text][et_pb_text _builder_version=&#8221;4.19.4&#8243; _dynamic_attributes=&#8221;link_option_url&#8221; _module_preset=&#8221;default&#8221; text_text_color=&#8221;#000000&#8243; text_font_size=&#8221;18px&#8221; header_2_font_size=&#8221;22px&#8221; header_3_font=&#8221;|700|||||||&#8221; header_3_text_color=&#8221;#FFFFFF&#8221; header_3_font_size=&#8221;18px&#8221; background_color=&#8221;#B61650&#8243; custom_padding=&#8221;30px|10px|10px|10px|false|false&#8221; link_option_url=&#8221;@ET-DC@eyJkeW5hbWljIjp0cnVlLCJjb250ZW50IjoicG9zdF9saW5rX3VybF9wYWdlIiwic2V0dGluZ3MiOnsicG9zdF9pZCI6IjQ0MjYifX0=@&#8221; text_font_size_tablet=&#8221;18px&#8221; text_font_size_phone=&#8221;14px&#8221; text_font_size_last_edited=&#8221;on|phone&#8221; header_2_font_size_tablet=&#8221;22px&#8221; header_2_font_size_phone=&#8221;22px&#8221; header_2_font_size_last_edited=&#8221;on|phone&#8221; custom_css_main_element=&#8221;ul {margin-left:20px}&#8221; global_colors_info=&#8221;{}&#8221;]<\/p>\n<h3>Dietary recommendations for kidney stones containing calcium or uric acid<\/h3>\n<p>[\/et_pb_text][et_pb_text _builder_version=&#8221;4.19.4&#8243; _dynamic_attributes=&#8221;link_option_url&#8221; _module_preset=&#8221;default&#8221; text_text_color=&#8221;#000000&#8243; text_font_size=&#8221;18px&#8221; header_2_font_size=&#8221;22px&#8221; header_3_font=&#8221;|700|||||||&#8221; header_3_text_color=&#8221;#FFFFFF&#8221; header_3_font_size=&#8221;18px&#8221; background_color=&#8221;#EE7203&#8243; custom_padding=&#8221;30px|10px|10px|10px|false|false&#8221; link_option_url=&#8221;@ET-DC@eyJkeW5hbWljIjp0cnVlLCJjb250ZW50IjoicG9zdF9saW5rX3VybF9wYWdlIiwic2V0dGluZ3MiOnsicG9zdF9pZCI6IjQ1MzEifX0=@&#8221; text_font_size_tablet=&#8221;18px&#8221; text_font_size_phone=&#8221;14px&#8221; text_font_size_last_edited=&#8221;on|phone&#8221; header_2_font_size_tablet=&#8221;22px&#8221; header_2_font_size_phone=&#8221;22px&#8221; header_2_font_size_last_edited=&#8221;on|phone&#8221; custom_css_main_element=&#8221;ul {margin-left:20px}&#8221; locked=&#8221;off&#8221; global_colors_info=&#8221;{}&#8221;]<\/p>\n<h3>Recipes in calendar form \/ cook books \/ links to great general recipes<\/h3>\n<p>[\/et_pb_text][et_pb_text _builder_version=&#8221;4.19.4&#8243; _module_preset=&#8221;default&#8221; global_colors_info=&#8221;{}&#8221;]<\/p>\n<p>We would like to thank the following persons who played a key role in the creation of the <strong>Nutrition<\/strong> website:<\/p>\n<ul>\n<li>Salome Lex | Stiftungsratsmitglied | Leiterin Ern\u00e4hrungsberatung,\u00a0 Klinik f\u00fcr Endokrinologie, Diabetologie, Osteologie und Stoffwechselerkrankungen | Kantonsspital St. Gallen<\/li>\n<li>Sabine Herzig | Stiftungsratsmitglied | Pflegeexpertin APN, Universit\u00e4tsklinik f\u00fcr Nephrologie und Hypertonie | Inselspital Bern<\/li>\n<li>Seraina von Moos| Stiftungsratsmitglied | Leitende \u00c4rztin Nephrologie | Luzerner Kantonsspital<\/li>\n<li>Jacinthe Zabloz | Di\u00e9t\u00e9ticienne ASDD &#8211; BSc HES-SO en Nutrition et di\u00e9t\u00e9tique, H\u00f4pital du Valais \u2013 Centre Hospitalier du Valais Romand (CHVR)<\/li>\n<li>Olivier Bonny | Stiftungsratsmitglied | Klinikchefarzt,\u00a0 Nephrologie &#8211; HFR \u2013 Kantonsspital |\u00a0 Freiburg<\/li>\n<li>Dusan Harmacek | Stiftungsratsmitglied |Oberarzt, Klinik f\u00fcr Nephrologie | Unispital Z\u00fcrich<\/li>\n<li>Francois Verrey | Stiftungsratsmitglied | Physiologie emeritiert UZH<\/li>\n<li>Daniel Teta | Chef du service de N\u00e9phrologie, H\u00f4pital du Valais | Sion<\/li>\n<li>Andrew Hall | Institute of Anatomy, University of Z\u00fcrich | Z\u00fcrich<\/li>\n<li>Pietro Cipp\u00e0 | Stiftungsratsmitglied | Chefarzt Transplantationsimmunologie und Nephrologie, Universit\u00e4tsspital | Basel<\/li>\n<li>Jennifer Scotti-Gerber | Nefrologia, Ospedale Regionale | Lugano<\/li>\n<\/ul>\n<p>[\/et_pb_text][\/et_pb_column][\/et_pb_row][\/et_pb_section][et_pb_section fb_built=&#8221;1&#8243; _builder_version=&#8221;4.19.4&#8243; _module_preset=&#8221;default&#8221; background_color=&#8221;#EE7203&#8243; custom_padding=&#8221;18px||2px|||&#8221; global_colors_info=&#8221;{}&#8221;][et_pb_row _builder_version=&#8221;4.19.4&#8243; _module_preset=&#8221;default&#8221; custom_margin=&#8221;-13px|auto||auto||&#8221; global_colors_info=&#8221;{}&#8221;][et_pb_column type=&#8221;4_4&#8243; _builder_version=&#8221;4.19.4&#8243; _module_preset=&#8221;default&#8221; global_colors_info=&#8221;{}&#8221;][et_pb_text admin_label=&#8221;\u00abIch lebe gesund und genussvoll in der Gegenwart und h\u00f6re auf meinen K\u00f6rper\u00bb&#8221; _builder_version=&#8221;4.19.4&#8243; _module_preset=&#8221;default&#8221; text_font=&#8221;Rasa||||||||&#8221; text_text_color=&#8221;#FFFFFF&#8221; text_font_size=&#8221;46px&#8221; text_line_height=&#8221;1em&#8221; text_orientation=&#8221;center&#8221; global_colors_info=&#8221;{}&#8221;]<\/p>\n<p><span>\u00ab<\/span><span>I live healthy and enjoy the present and listen well to my body<\/span><span>\u00bb<\/span><\/p>\n<p>[\/et_pb_text][et_pb_text admin_label=&#8221;Thomas Hunziker, Mitglied Stiftungsrat&#8221; _builder_version=&#8221;4.19.4&#8243; _module_preset=&#8221;default&#8221; text_text_color=&#8221;#FFFFFF&#8221; text_orientation=&#8221;center&#8221; global_colors_info=&#8221;{}&#8221;]<\/p>\n<p><span>Thomas Hunziker, Member of the Foundation Board<\/span><\/p>\n<p>[\/et_pb_text][\/et_pb_column][\/et_pb_row][\/et_pb_section][et_pb_section fb_built=&#8221;1&#8243; _builder_version=&#8221;4.19.4&#8243; _module_preset=&#8221;default&#8221; custom_padding=&#8221;4px||24px|||&#8221; global_module=&#8221;541&#8243; global_colors_info=&#8221;{}&#8221;][et_pb_row column_structure=&#8221;3_4,1_4&#8243; _builder_version=&#8221;4.19.4&#8243; _module_preset=&#8221;default&#8221; global_colors_info=&#8221;{}&#8221;][et_pb_column type=&#8221;3_4&#8243; _builder_version=&#8221;4.19.4&#8243; _module_preset=&#8221;default&#8221; global_colors_info=&#8221;{}&#8221;][et_pb_code _builder_version=&#8221;4.19.4&#8243; _module_preset=&#8221;default&#8221; global_colors_info=&#8221;{}&#8221;]<\/p>\n<div style=\"font-size:19px;padding-top:35px;text-align:right;\" id=\"vnps\"><\/div>\n<p><!-- [et_pb_line_break_holder] --><script><!-- [et_pb_line_break_holder] -->var lang = document.getElementsByTagName(\"html\")[0].getAttribute(\"lang\").substr(3);<!-- [et_pb_line_break_holder] --><!-- [et_pb_line_break_holder] -->switch(lang) {<!-- [et_pb_line_break_holder] -->  case \"DE\":<!-- [et_pb_line_break_holder] -->  document.getElementById(\"vnps\").innerHTML = \"Gemeinsam unterwegs mit dem Verband Nierenpatienten Schweiz (VNPS)\";      <!-- [et_pb_line_break_holder] --><!-- [et_pb_line_break_holder] -->    break;<!-- [et_pb_line_break_holder] -->  case \"IT\":<!-- [et_pb_line_break_holder] -->  document.getElementById(\"vnps\").innerHTML = \"Sulla strada insieme con l\u2019Associazione svizzera per pazienti d\u2019insufficienza renale (ASPIR)\";<!-- [et_pb_line_break_holder] --><!-- [et_pb_line_break_holder] -->    break;<!-- [et_pb_line_break_holder] -->  case \"GB\":<!-- [et_pb_line_break_holder] -->document.getElementById(\"vnps\").innerHTML = \"Together on the road with the Swiss Kidney Patients Association (SKPA)\";<!-- [et_pb_line_break_holder] --><!-- [et_pb_line_break_holder] -->    break;<!-- [et_pb_line_break_holder] -->\tcase \"FR\":<!-- [et_pb_line_break_holder] -->  document.getElementById(\"vnps\").innerHTML = \"En route ensemble avec la Soci\u00e9t\u00e9 suisse des patients insuffisants r\u00e9naux (SSPIR)\";<!-- [et_pb_line_break_holder] --><!-- [et_pb_line_break_holder] -->    break;<!-- [et_pb_line_break_holder] -->  default:<!-- [et_pb_line_break_holder] --><!-- [et_pb_line_break_holder] -->\tdocument.getElementById(\"vnps\").innerHTML = \"Gemeinsam unterwegs mit dem Verband Nierenpatienten Schweiz (VNPS)\";<!-- [et_pb_line_break_holder] --><!-- [et_pb_line_break_holder] -->}<!-- [et_pb_line_break_holder] --> <!-- [et_pb_line_break_holder] --><\/script>[\/et_pb_code][\/et_pb_column][et_pb_column type=&#8221;1_4&#8243; _builder_version=&#8221;4.19.4&#8243; _module_preset=&#8221;default&#8221; global_colors_info=&#8221;{}&#8221;][et_pb_image src=&#8221;https:\/\/www.nierenstiftung.ch\/new\/wp-content\/uploads\/2022\/12\/Logo_VNPS_klein2.jpg&#8221; title_text=&#8221;Logo_VNPS_klein2&#8243; url=&#8221;https:\/\/nierenpatienten.ch\/&#8221; url_new_window=&#8221;on&#8221; _builder_version=&#8221;4.19.4&#8243; _module_preset=&#8221;default&#8221; max_height=&#8221;80px&#8221; global_colors_info=&#8221;{}&#8221;][\/et_pb_image][\/et_pb_column][\/et_pb_row][\/et_pb_section]<\/p>\n","protected":false},"excerpt":{"rendered":"<p>NutritionDear people affected by chronic kidney diseaseDear relativesDear interested parties There is a lot of information on the Internet, in newspapers and brochures about what people with kidney disease should eat. This information often appears contradictory and confusing. The Swiss Kidney Foundation would like to help you understand and categorise this information. Nutrition plays a [&hellip;]<\/p>\n","protected":false},"author":1,"featured_media":184,"parent":0,"menu_order":0,"comment_status":"closed","ping_status":"closed","template":"","meta":{"_et_pb_use_builder":"on","_et_pb_old_content":"","_et_gb_content_width":"","footnotes":"","_links_to":"","_links_to_target":""},"class_list":["post-4555","page","type-page","status-publish","has-post-thumbnail","hentry"],"_links":{"self":[{"href":"https:\/\/www.nierenstiftung.ch\/new\/wp-json\/wp\/v2\/pages\/4555","targetHints":{"allow":["GET"]}}],"collection":[{"href":"https:\/\/www.nierenstiftung.ch\/new\/wp-json\/wp\/v2\/pages"}],"about":[{"href":"https:\/\/www.nierenstiftung.ch\/new\/wp-json\/wp\/v2\/types\/page"}],"author":[{"embeddable":true,"href":"https:\/\/www.nierenstiftung.ch\/new\/wp-json\/wp\/v2\/users\/1"}],"replies":[{"embeddable":true,"href":"https:\/\/www.nierenstiftung.ch\/new\/wp-json\/wp\/v2\/comments?post=4555"}],"version-history":[{"count":2,"href":"https:\/\/www.nierenstiftung.ch\/new\/wp-json\/wp\/v2\/pages\/4555\/revisions"}],"predecessor-version":[{"id":4949,"href":"https:\/\/www.nierenstiftung.ch\/new\/wp-json\/wp\/v2\/pages\/4555\/revisions\/4949"}],"wp:featuredmedia":[{"embeddable":true,"href":"https:\/\/www.nierenstiftung.ch\/new\/wp-json\/wp\/v2\/media\/184"}],"wp:attachment":[{"href":"https:\/\/www.nierenstiftung.ch\/new\/wp-json\/wp\/v2\/media?parent=4555"}],"curies":[{"name":"wp","href":"https:\/\/api.w.org\/{rel}","templated":true}]}}