
{"id":4470,"date":"2025-05-23T09:49:07","date_gmt":"2025-05-23T09:49:07","guid":{"rendered":"https:\/\/www.nierenstiftung.ch\/new\/?page_id=4470"},"modified":"2025-05-25T13:57:14","modified_gmt":"2025-05-25T13:57:14","slug":"adattamento-alla-terapia-sostitutiva-renale-emodialisi-dialisi-peritoneale","status":"publish","type":"page","link":"https:\/\/www.nierenstiftung.ch\/new\/it\/adattamento-alla-terapia-sostitutiva-renale-emodialisi-dialisi-peritoneale\/","title":{"rendered":"Adattamento alla terapia sostitutiva renale \u2013 Emodialisi, dialisi peritoneale"},"content":{"rendered":"<p>[et_pb_section fb_built=&#8221;1&#8243; _builder_version=&#8221;4.19.4&#8243; _module_preset=&#8221;default&#8221; use_background_color_gradient=&#8221;on&#8221; background_color_gradient_stops=&#8221;#6c9aee 0%|rgba(255,255,255,0) 15%&#8221; custom_padding=&#8221;||1px|||&#8221; global_colors_info=&#8221;{}&#8221;][et_pb_row _builder_version=&#8221;4.19.4&#8243; _module_preset=&#8221;default&#8221; global_colors_info=&#8221;{}&#8221;][et_pb_column type=&#8221;4_4&#8243; _builder_version=&#8221;4.19.4&#8243; _module_preset=&#8221;default&#8221; global_colors_info=&#8221;{}&#8221;][et_pb_code admin_label=&#8221;grafico IT&#8221; _builder_version=&#8221;4.19.4&#8243; _module_preset=&#8221;default&#8221; global_module=&#8221;4451&#8243; global_colors_info=&#8221;{}&#8221;]<script><!-- [et_pb_line_break_holder] -->jQuery(document).ready(function(){<!-- [et_pb_line_break_holder] -->jQuery(\".link1\").hover(function() {<!-- [et_pb_line_break_holder] -->jQuery( '.img-class' ).attr(\"src\",\"https:\/\/www.nierenstiftung.ch\/new\/img\/grafico_it1.png\");<!-- [et_pb_line_break_holder] -->}, function() {<!-- [et_pb_line_break_holder] -->  jQuery( '.img-class' ).attr(\"src\",\"https:\/\/www.nierenstiftung.ch\/new\/img\/grafico_it.png\");<!-- [et_pb_line_break_holder] -->  });<!-- [et_pb_line_break_holder] -->jQuery(\".link2\").hover(function() {<!-- [et_pb_line_break_holder] -->jQuery( '.img-class' ).attr(\"src\",\"https:\/\/www.nierenstiftung.ch\/new\/img\/grafico_it2.png\");<!-- [et_pb_line_break_holder] -->}, function() {<!-- [et_pb_line_break_holder] -->  jQuery( '.img-class' ).attr(\"src\",\"https:\/\/www.nierenstiftung.ch\/new\/img\/grafico_it.png\");<!-- [et_pb_line_break_holder] -->  });<!-- [et_pb_line_break_holder] -->jQuery(\".link3\").hover(function() {<!-- [et_pb_line_break_holder] -->jQuery( '.img-class' ).attr(\"src\",\"https:\/\/www.nierenstiftung.ch\/new\/img\/grafico_it3.png\");<!-- [et_pb_line_break_holder] -->}, function() {<!-- [et_pb_line_break_holder] -->  jQuery( '.img-class' ).attr(\"src\",\"https:\/\/www.nierenstiftung.ch\/new\/img\/grafico_it.png\");<!-- [et_pb_line_break_holder] -->  });<!-- [et_pb_line_break_holder] -->jQuery(\".link4\").hover(function() {<!-- [et_pb_line_break_holder] -->jQuery( '.img-class' ).attr(\"src\",\"https:\/\/www.nierenstiftung.ch\/new\/img\/grafico_it4.png\");<!-- [et_pb_line_break_holder] -->}, function() {<!-- [et_pb_line_break_holder] -->  jQuery( '.img-class' ).attr(\"src\",\"https:\/\/www.nierenstiftung.ch\/new\/img\/grafico_it.png\");<!-- [et_pb_line_break_holder] -->  });  <!-- [et_pb_line_break_holder] -->});  <!-- [et_pb_line_break_holder] --><\/script><!-- [et_pb_line_break_holder] --><\/p>\n<div><!-- [et_pb_line_break_holder] --><img decoding=\"async\" class=\"img-class\" src=\"https:\/\/www.nierenstiftung.ch\/new\/img\/grafico_it.png\" width=\"100%\"><!-- [et_pb_line_break_holder] --><a class=\"link1\" href=\"https:\/\/www.nierenstiftung.ch\/new\/it\/alimentazione-sana-per-i-reni\/\" title=\"Alimentazione sana per i reni\" style=\"position: absolute; left: 0%; top: 0%; width: 36.91%; height: 100%; z-index: 2;\"><\/a><!-- [et_pb_line_break_holder] --><a class=\"link2\" href=\"https:\/\/www.nierenstiftung.ch\/new\/it\/adattamento-della-dieta-al-declino-della-funzione-renale\/\" title=\"Adattamento della dieta al declino della funzione renale\" style=\"position: absolute; left: 37.32%; top: 0.15%; width: 12.85%; height: 100%; z-index: 2;\"><\/a><!-- [et_pb_line_break_holder] --><a class=\"link3\" href=\"https:\/\/www.nierenstiftung.ch\/new\/it\/adattamento-alla-terapia-sostitutiva-renale-emodialisi-dialisi-peritoneale\/\" title=\"Adattamento alla terapia sostitutiva renale\" style=\"position: absolute; left: 50.41%; top: 0%; width: 24.31%; height: 100%; z-index: 2;\"><\/a><!-- [et_pb_line_break_holder] --><a class=\"link4\" href=\"https:\/\/www.nierenstiftung.ch\/new\/it\/adattamento-alla-terapia-sostitutiva-renale-trapianto\/\" title=\"Adattamento alla terapia sostitutiva renale \u2013 Trapianto\" style=\"position: absolute; left: 74.96%; top: 0%; width: 24.88%; height: 100%; z-index: 2;\"><\/a><!-- [et_pb_line_break_holder] --><\/div>\n<p>[\/et_pb_code][\/et_pb_column][\/et_pb_row][\/et_pb_section][et_pb_section fb_built=&#8221;1&#8243; _builder_version=&#8221;4.19.4&#8243; _module_preset=&#8221;default&#8221; background_color=&#8221;#6c9aee&#8221; global_colors_info=&#8221;{}&#8221;][et_pb_row _builder_version=&#8221;4.19.4&#8243; _module_preset=&#8221;default&#8221; background_color=&#8221;#6c9aee&#8221; custom_padding=&#8221;|20px||20px|false|false&#8221; global_colors_info=&#8221;{}&#8221;][et_pb_column type=&#8221;4_4&#8243; _builder_version=&#8221;4.19.4&#8243; _module_preset=&#8221;default&#8221; global_colors_info=&#8221;{}&#8221;][et_pb_text admin_label=&#8221;Anpassung an die Nierenersatztherapie \u2013 HD, PD&#8221; _builder_version=&#8221;4.19.4&#8243; _module_preset=&#8221;default&#8221; text_text_color=&#8221;#FFFFFF&#8221; text_font_size=&#8221;56px&#8221; text_line_height=&#8221;1.2em&#8221; text_font_size_tablet=&#8221;56px&#8221; text_font_size_phone=&#8221;37px&#8221; text_font_size_last_edited=&#8221;on|phone&#8221; locked=&#8221;off&#8221; global_colors_info=&#8221;{}&#8221;]Adattamento alla terapia sostitutiva renale [\/et_pb_text][et_pb_toggle title=&#8221;Adattamento alla terapia sostitutiva renale \u2013 Emodialisi, dialisi peritoneale&#8221; open_toggle_text_color=&#8221;#FFFFFF&#8221; icon_color=&#8221;#FFFFFF&#8221; toggle_icon=&#8221;&#x4c;||divi||400&#8243; use_icon_font_size=&#8221;on&#8221; icon_font_size=&#8221;40px&#8221; open_icon_color=&#8221;#FFFFFF&#8221; open_toggle_icon=&#8221;&#x4b;||divi||400&#8243; open_use_icon_font_size=&#8221;on&#8221; open_icon_font_size=&#8221;40px&#8221; admin_label=&#8221;Anpassung an die Nierenersatztherapie \u2013 HD, PD&#8221; _builder_version=&#8221;4.19.4&#8243; _module_preset=&#8221;default&#8221; title_text_color=&#8221;#FFFFFF&#8221; title_level=&#8221;h3&#8243; title_font=&#8221;Rasa||||||||&#8221; title_font_size=&#8221;25px&#8221; body_text_color=&#8221;#FFFFFF&#8221; body_font_size=&#8221;17px&#8221; background_color=&#8221;#6c9aee&#8221; custom_css_open_toggle=&#8221;content: %22%92e04b%22;&#8221; border_width_all=&#8221;0px&#8221; border_color_all=&#8221;#FFFFFF&#8221; border_width_bottom=&#8221;1px&#8221; locked=&#8221;off&#8221; global_colors_info=&#8221;{}&#8221;]<\/p>\n<p>Con l\u2019inizio della terapia sostitutiva renale (emodialisi o dialisi peritoneale), la vostra situazione cambier\u00e0 significativamente, e con essa anche le raccomandazioni nutrizionali.<\/p>\n<p><img loading=\"lazy\" decoding=\"async\" src=\"https:\/\/www.nierenstiftung.ch\/new\/wp-content\/uploads\/2024\/12\/reni_it-500x328.jpg\" width=\"500\" height=\"328\" alt=\"\" class=\"wp-image-4473 alignnone size-medium\" srcset=\"https:\/\/www.nierenstiftung.ch\/new\/wp-content\/uploads\/2024\/12\/reni_it-500x328.jpg 500w, https:\/\/www.nierenstiftung.ch\/new\/wp-content\/uploads\/2024\/12\/reni_it-480x314.jpg 480w\" sizes=\"auto, (min-width: 0px) and (max-width: 480px) 480px, (min-width: 481px) 500px, 100vw\" \/>\u00a0<\/p>\n<p><strong>Aumento del fabbisogno energetico e proteico<\/strong><\/p>\n<p><img loading=\"lazy\" decoding=\"async\" class=\"wp-image-3763 alignright size-full\" src=\"https:\/\/www.nierenstiftung.ch\/new\/wp-content\/uploads\/2024\/12\/Mann-e1738777946276.jpg\" alt=\"\" width=\"376\" height=\"486\" \/><\/p>\n<p>A causa delle alterazioni metaboliche legate alla dialisi, il fabbisogno di energia e proteine aumenta. \u00c8 quindi essenziale garantire un apporto proteico sufficiente. A differenza delle fasi precedenti, il fabbisogno proteico \u00e8 ora maggiore.<br \/>Ad ogni pasto, includete un alimento ricco di proteine, come carne, pesce, uova, latticini, legumi o tofu.<br \/>Se avete scarso appetito, pu\u00f2 essere utile aggiungere uno spuntino proteico durante la giornata.<\/p>\n<p><strong>Alimenti liquidi ad alto contenuto energetico e proteico<\/strong><\/p>\n<p>Se non riuscite a soddisfare il vostro fabbisogno con alimenti naturali, potete ricorrere a soluzioni nutrizionali liquide. Tali soluzioni forniscono una quantit\u00e0 elevata di energia e proteine in un volume ridotto. A seconda del tipo di alimento, una bottiglia contiene 250 &#8211; 450 kcal e 10 &#8211; 30 g di proteine. Ci\u00f2 equivale all&#8217;incirca al contenuto energetico e proteico di mezza\/una porzione intera di un pasto completo. Per alcune indicazioni l\u2019assicurazione sanitaria copre le spese per l\u2019acquisto degli alimenti liquidi. Il vostro medico o nutrizionista potr\u00e0 darvi maggiori informazioni in merito.<\/p>\n<p><strong>Informazioni relative alla dialisi peritoneale<\/strong><\/p>\n<p>L\u2019apporto energetico del liquido che viene utilizzato per la dialisi peritoneale, contenente glucosio, va considerato nel bilancio calorico totale.<br \/>\u00a0Inoltre, l&#8217;assunzione orale di carboidrati a rapido assorbimento (come bevande zuccherate, succhi di frutta, glucosio e alcuni dolci) deve essere ridotta il pi\u00f9 possibile.<\/p>\n<p>[\/et_pb_toggle][et_pb_toggle title=&#8221;Gestione dei liquidi&#8221; open_toggle_text_color=&#8221;#FFFFFF&#8221; icon_color=&#8221;#FFFFFF&#8221; toggle_icon=&#8221;&#x4c;||divi||400&#8243; use_icon_font_size=&#8221;on&#8221; icon_font_size=&#8221;40px&#8221; open_icon_color=&#8221;#FFFFFF&#8221; open_toggle_icon=&#8221;&#x4b;||divi||400&#8243; open_use_icon_font_size=&#8221;on&#8221; open_icon_font_size=&#8221;40px&#8221; admin_label=&#8221;Fl\u00fcssigkeit&#8221; _builder_version=&#8221;4.19.4&#8243; _module_preset=&#8221;default&#8221; title_text_color=&#8221;#FFFFFF&#8221; title_level=&#8221;h3&#8243; title_font=&#8221;Rasa||||||||&#8221; title_font_size=&#8221;25px&#8221; body_text_color=&#8221;#FFFFFF&#8221; body_font_size=&#8221;17px&#8221; background_color=&#8221;#6c9aee&#8221; custom_css_open_toggle=&#8221;content: %22%92e04b%22;&#8221; border_width_all=&#8221;0px&#8221; border_color_all=&#8221;#FFFFFF&#8221; border_width_bottom=&#8221;1px&#8221; locked=&#8221;off&#8221; global_colors_info=&#8221;{}&#8221;]<\/p>\n<p><img loading=\"lazy\" decoding=\"async\" class=\"wp-image-3751 size-medium alignright\" src=\"https:\/\/www.nierenstiftung.ch\/new\/wp-content\/uploads\/2024\/12\/AdobeStock_108033552-333x500.jpeg\" alt=\"\" width=\"333\" height=\"500\" srcset=\"https:\/\/www.nierenstiftung.ch\/new\/wp-content\/uploads\/2024\/12\/AdobeStock_108033552-333x500.jpeg 333w, https:\/\/www.nierenstiftung.ch\/new\/wp-content\/uploads\/2024\/12\/AdobeStock_108033552-683x1024.jpeg 683w, https:\/\/www.nierenstiftung.ch\/new\/wp-content\/uploads\/2024\/12\/AdobeStock_108033552-768x1152.jpeg 768w, https:\/\/www.nierenstiftung.ch\/new\/wp-content\/uploads\/2024\/12\/AdobeStock_108033552-scaled.jpeg 1707w\" sizes=\"auto, (max-width: 333px) 100vw, 333px\" \/><\/p>\n<p>Una funzione importante svolta dai reni \u00e8 costituita dalla regolazione dei fluidi corporei. Quando la funzione renale \u00e8 compromessa, l\u2019eliminazione dei liquidi pu\u00f2 essere ridotta o assente e questo pu\u00f2 determinarne un accumulo tra le cellule del corpo (edema), problemi cardiaci (a causa della pressione alta) e difficolt\u00e0 respiratorie.<\/p>\n<p>I liquidi in eccesso vengono rimossi tramite la dialisi, ma questo processo pu\u00f2 avvenire solo ad una velocit\u00e0 limitata.<\/p>\n<p><img loading=\"lazy\" decoding=\"async\" class=\"wp-image-3750 alignleft size-thumbnail\" src=\"https:\/\/www.nierenstiftung.ch\/new\/wp-content\/uploads\/2024\/12\/AdobeStock_99051224-150x150.jpeg\" alt=\"\" width=\"150\" height=\"150\" \/><\/p>\n<p>L\u2019assunzione di liquidi consentita dipende dalla quantit\u00e0 di urina residua prodotta.<br \/>Spesso si usa una regola empirica generale, per cui la quantit\u00e0 di liquidi consentita corrisponde alla quantit\u00e0 di urina giornaliera (in ml) + max. 500 ml . Per controllare la quantit\u00e0 di liquidi bevuti, pu\u00f2 essere utile tenere un diario e utilizzare piccoli contenitori per l&#8217;assunzione di liquidi.<\/p>\n<p>Nel corpo esiste un equilibrio tra acqua e sale, necessario per mantenere tutte le funzioni corporee. Per ogni grammo di sale assunto, si genera lo stimolo della sete. Se si riduce l&#8217;assunzione di sale, si pu\u00f2 anche ridurre la sensazione di sete. Siete invitati a consultare i consigli del capitolo <span style=\"color: #ffffff;\"><a href=\"https:\/\/www.nierenstiftung.ch\/new\/it\/alimentazione-sana-per-i-reni#sale\" style=\"color: #ffffff;\"><strong>\u201cDieta a ridotto contenuto di sale\u201d<\/strong><\/a><\/span> su questo tema. Anche le bevande e gli alimenti molto zuccherati possono aumentare la sensazione di sete.<\/p>\n<p>Se la sete persiste, i seguenti consigli possono essere utili:<\/p>\n<ul>\n<li>Succhiare caramelle senza zucchero o masticare gomme da masticare.<\/li>\n<li>Succhiare piccoli cubetti di ghiaccio (eventualmente aromatizzati con sciroppo, succo di limone o t\u00e8 alla frutta).<\/li>\n<li>Usare limone o menta per rinfrescare la bocca.<\/li>\n<li>Spruzzare acqua in bocca con uno spray rinfrescante.<\/li>\n<li>Esistono spray specifici per la bocca secca: chiedete informazioni al centro di dialisi.<\/li>\n<li>Evitate ambienti secchi e surriscaldati; in inverno, potete usare un umidificatore.<\/li>\n<\/ul>\n<p>[\/et_pb_toggle][et_pb_toggle title=&#8221;Dieta a ridotto contenuto di fosfato e potassio&#8221; open_toggle_text_color=&#8221;#FFFFFF&#8221; icon_color=&#8221;#FFFFFF&#8221; toggle_icon=&#8221;&#x4c;||divi||400&#8243; use_icon_font_size=&#8221;on&#8221; icon_font_size=&#8221;40px&#8221; open_icon_color=&#8221;#FFFFFF&#8221; open_toggle_icon=&#8221;&#x4b;||divi||400&#8243; open_use_icon_font_size=&#8221;on&#8221; open_icon_font_size=&#8221;40px&#8221; admin_label=&#8221;Phosphat- und Kaliumreduzierte Ern\u00e4hrung \u2013 &#8221; _builder_version=&#8221;4.19.4&#8243; _module_preset=&#8221;default&#8221; title_text_color=&#8221;#FFFFFF&#8221; title_level=&#8221;h3&#8243; title_font=&#8221;Rasa||||||||&#8221; title_font_size=&#8221;25px&#8221; body_text_color=&#8221;#FFFFFF&#8221; body_font_size=&#8221;17px&#8221; background_color=&#8221;#6c9aee&#8221; custom_css_open_toggle=&#8221;content: %22%92e04b%22;&#8221; border_width_all=&#8221;0px&#8221; border_color_all=&#8221;#FFFFFF&#8221; border_width_bottom=&#8221;1px&#8221; locked=&#8221;off&#8221; global_colors_info=&#8221;{}&#8221;]<\/p>\n<p>Durante la dialisi, la produzione di urina \u00e8 spesso ridotta o addirittura assente. Di conseguenza, il controllo di fosfato e potassio diventa ancora pi\u00f9 importante.<\/p>\n<p>Il vostro team medico monitorer\u00e0 i livelli di elettroliti e vi fornir\u00e0 indicazioni su eventuali restrizioni. Si prega di osservare anche le raccomandazioni riportate nella sezione<span style=\"color: #ffffff;\"><a href=\"https:\/\/www.nierenstiftung.ch\/new\/it\/adattamento-della-dieta-al-declino-della-funzione-renale#potassio\" style=\"color: #ffffff;\"><strong> \u201cDieta a ridotto contenuto di potassio e fosfati\u201d<\/strong><\/a><\/span>.<\/p>\n<p>[\/et_pb_toggle][et_pb_toggle title=&#8221;Supporto farmacologico&#8221; open_toggle_text_color=&#8221;#FFFFFF&#8221; icon_color=&#8221;#FFFFFF&#8221; toggle_icon=&#8221;&#x4c;||divi||400&#8243; use_icon_font_size=&#8221;on&#8221; icon_font_size=&#8221;40px&#8221; open_icon_color=&#8221;#FFFFFF&#8221; open_toggle_icon=&#8221;&#x4b;||divi||400&#8243; open_use_icon_font_size=&#8221;on&#8221; open_icon_font_size=&#8221;40px&#8221; admin_label=&#8221;Medikament\u00f6se Unterst\u00fctzung&#8221; _builder_version=&#8221;4.19.4&#8243; _module_preset=&#8221;default&#8221; title_text_color=&#8221;#FFFFFF&#8221; title_level=&#8221;h3&#8243; title_font=&#8221;Rasa||||||||&#8221; title_font_size=&#8221;25px&#8221; body_text_color=&#8221;#FFFFFF&#8221; body_font_size=&#8221;17px&#8221; background_color=&#8221;#6c9aee&#8221; hover_enabled=&#8221;0&#8243; custom_css_open_toggle=&#8221;content: %22%92e04b%22;&#8221; border_width_all=&#8221;0px&#8221; border_color_all=&#8221;#FFFFFF&#8221; border_width_bottom=&#8221;1px&#8221; locked=&#8221;off&#8221; global_colors_info=&#8221;{}&#8221; sticky_enabled=&#8221;0&#8243;]<\/p>\n<p><img loading=\"lazy\" decoding=\"async\" class=\"wp-image-3827 aligncenter size-large\" src=\"https:\/\/www.nierenstiftung.ch\/new\/wp-content\/uploads\/2024\/12\/pillole-1024x387.jpg\" alt=\"\" width=\"1024\" height=\"387\" srcset=\"https:\/\/www.nierenstiftung.ch\/new\/wp-content\/uploads\/2024\/12\/pillole-1024x387.jpg 1024w, https:\/\/www.nierenstiftung.ch\/new\/wp-content\/uploads\/2024\/12\/pillole-980x370.jpg 980w, https:\/\/www.nierenstiftung.ch\/new\/wp-content\/uploads\/2024\/12\/pillole-480x181.jpg 480w\" sizes=\"auto, (min-width: 0px) and (max-width: 480px) 480px, (min-width: 481px) and (max-width: 980px) 980px, (min-width: 981px) 1024px, 100vw\" \/><\/p>\n<p>Oltre alla dieta, \u00e8 possibile gestire i livelli di fosfato e potassio grazie a farmaci specifici.<\/p>\n<p>I <strong>chelanti del fosfato<\/strong> sono utilizzati per legare il fosfato proveniente dagli alimenti nel tratto digestivo e quindi ridurne l&#8217;assorbimento nel sangue. I chelanti del fosfato come Renagel\u00ae, Renvela\u00ae o Renacet\u00ae sono quindi efficaci solo se assunti contemporaneamente ad alimenti contenenti fosfati.<\/p>\n<p>I chelanti del fosfato devono essere assunti con il cibo. La quantit\u00e0 di chelanti del fosfato viene regolata dallo specialista in base al contenuto di fosfati dei pasti e ai valori di laboratorio. Se si assumono pi\u00f9 chelanti del fosfato per pasto, questi devono essere suddivisi nel corso del pasto (a seconda della durata del pasto). Pu\u00f2 anche essere necessario coprire gli spuntini con chelanti del fosfato. Discutetene con il vostro specialista.<\/p>\n<p>\u00c8 inoltre importante avere sempre con s\u00e9 i chelanti dei fosfati, in modo da poter coprire anche i pasti consumati fuori casa. \u00c8 meglio avere sempre con s\u00e9 un piccolo contenitore\/barattolo, ad esempio nella tasca dei pantaloni o nella borsetta.<\/p>\n<p><strong>Le resine di scambio<\/strong> ionico come Resonium\u00ae o Veltassa\u00ae aiutano a eliminare il potassio in eccesso attraverso l\u2019intestino, scambiandolo con sodio o calcio.<\/p>\n<p>Possono essere utili soprattutto nei pazienti in emodialisi con lunghi intervalli tra le sedute.<br \/>Vengono prescritte solo se le misure dietetiche non sono sufficienti, e il loro utilizzo deve essere valutato e regolato dalla vostra \u00e9quipe medica.<\/p>\n<p>[\/et_pb_toggle][\/et_pb_column][\/et_pb_row][et_pb_row _builder_version=&#8221;4.19.4&#8243; _module_preset=&#8221;default&#8221; border_width_top=&#8221;1px&#8221; locked=&#8221;off&#8221; global_colors_info=&#8221;{}&#8221;][et_pb_column type=&#8221;4_4&#8243; _builder_version=&#8221;4.19.4&#8243; _module_preset=&#8221;default&#8221; global_colors_info=&#8221;{}&#8221;][et_pb_text _builder_version=&#8221;4.19.4&#8243; _dynamic_attributes=&#8221;link_option_url&#8221; _module_preset=&#8221;default&#8221; text_text_color=&#8221;#000000&#8243; text_font_size=&#8221;18px&#8221; header_2_font_size=&#8221;22px&#8221; header_3_font=&#8221;|700|||||||&#8221; header_3_text_color=&#8221;#FFFFFF&#8221; header_3_font_size=&#8221;18px&#8221; background_color=&#8221;#EE7203&#8243; custom_padding=&#8221;30px|10px|10px|10px|false|false&#8221; link_option_url=&#8221;@ET-DC@eyJkeW5hbWljIjp0cnVlLCJjb250ZW50IjoicG9zdF9saW5rX3VybF9wYWdlIiwic2V0dGluZ3MiOnsicG9zdF9pZCI6IjQ0ODEifX0=@&#8221; text_font_size_tablet=&#8221;18px&#8221; text_font_size_phone=&#8221;14px&#8221; text_font_size_last_edited=&#8221;on|phone&#8221; header_2_font_size_tablet=&#8221;22px&#8221; header_2_font_size_phone=&#8221;22px&#8221; header_2_font_size_last_edited=&#8221;on|phone&#8221; custom_css_main_element=&#8221;ul {margin-left:20px}&#8221; locked=&#8221;off&#8221; global_colors_info=&#8221;{}&#8221;]<\/p>\n<h3>Lista dei consulenti nutrizionali<\/h3>\n<p>[\/et_pb_text][et_pb_text _builder_version=&#8221;4.19.4&#8243; _dynamic_attributes=&#8221;link_option_url&#8221; _module_preset=&#8221;default&#8221; text_text_color=&#8221;#000000&#8243; text_font_size=&#8221;18px&#8221; header_2_font_size=&#8221;22px&#8221; header_3_font=&#8221;|700|||||||&#8221; header_3_text_color=&#8221;#FFFFFF&#8221; header_3_font_size=&#8221;18px&#8221; background_color=&#8221;#EE7203&#8243; custom_padding=&#8221;30px|10px|10px|10px|false|false&#8221; link_option_url=&#8221;@ET-DC@eyJkeW5hbWljIjp0cnVlLCJjb250ZW50IjoicG9zdF9saW5rX3VybF9wYWdlIiwic2V0dGluZ3MiOnsicG9zdF9pZCI6IjQ0ODUifX0=@&#8221; text_font_size_tablet=&#8221;18px&#8221; text_font_size_phone=&#8221;14px&#8221; text_font_size_last_edited=&#8221;on|phone&#8221; header_2_font_size_tablet=&#8221;22px&#8221; header_2_font_size_phone=&#8221;22px&#8221; header_2_font_size_last_edited=&#8221;on|phone&#8221; custom_css_main_element=&#8221;ul {margin-left:20px}&#8221; locked=&#8221;off&#8221; global_colors_info=&#8221;{}&#8221;]<\/p>\n<h3>Ricette in formato calendario \/ ricettari \/ link a ricette interessanti<\/h3>\n<p>[\/et_pb_text][\/et_pb_column][\/et_pb_row][\/et_pb_section]<\/p>\n","protected":false},"excerpt":{"rendered":"<p>Adattamento alla terapia sostitutiva renale Con l\u2019inizio della terapia sostitutiva renale (emodialisi o dialisi peritoneale), la vostra situazione cambier\u00e0 significativamente, e con essa anche le raccomandazioni nutrizionali. \u00a0 Aumento del fabbisogno energetico e proteico A causa delle alterazioni metaboliche legate alla dialisi, il fabbisogno di energia e proteine aumenta. \u00c8 quindi essenziale garantire un apporto [&hellip;]<\/p>\n","protected":false},"author":1,"featured_media":0,"parent":0,"menu_order":0,"comment_status":"closed","ping_status":"closed","template":"","meta":{"_et_pb_use_builder":"on","_et_pb_old_content":"","_et_gb_content_width":"","footnotes":"","_links_to":"","_links_to_target":""},"class_list":["post-4470","page","type-page","status-publish","hentry"],"_links":{"self":[{"href":"https:\/\/www.nierenstiftung.ch\/new\/wp-json\/wp\/v2\/pages\/4470","targetHints":{"allow":["GET"]}}],"collection":[{"href":"https:\/\/www.nierenstiftung.ch\/new\/wp-json\/wp\/v2\/pages"}],"about":[{"href":"https:\/\/www.nierenstiftung.ch\/new\/wp-json\/wp\/v2\/types\/page"}],"author":[{"embeddable":true,"href":"https:\/\/www.nierenstiftung.ch\/new\/wp-json\/wp\/v2\/users\/1"}],"replies":[{"embeddable":true,"href":"https:\/\/www.nierenstiftung.ch\/new\/wp-json\/wp\/v2\/comments?post=4470"}],"version-history":[{"count":2,"href":"https:\/\/www.nierenstiftung.ch\/new\/wp-json\/wp\/v2\/pages\/4470\/revisions"}],"predecessor-version":[{"id":4636,"href":"https:\/\/www.nierenstiftung.ch\/new\/wp-json\/wp\/v2\/pages\/4470\/revisions\/4636"}],"wp:attachment":[{"href":"https:\/\/www.nierenstiftung.ch\/new\/wp-json\/wp\/v2\/media?parent=4470"}],"curies":[{"name":"wp","href":"https:\/\/api.w.org\/{rel}","templated":true}]}}