
{"id":209,"date":"2023-01-07T17:10:12","date_gmt":"2023-01-07T17:10:12","guid":{"rendered":"https:\/\/www.nierenstiftung.ch\/new\/?page_id=209"},"modified":"2025-12-24T15:12:27","modified_gmt":"2025-12-24T15:12:27","slug":"impressum","status":"publish","type":"page","link":"https:\/\/www.nierenstiftung.ch\/new\/impressum\/","title":{"rendered":"Impressum"},"content":{"rendered":"<p><strong>Gesamtverantwortung<br \/>\n<\/strong>Schweizerische Nierenstiftung \/ Fondation Suisse du Rein \/ Swiss Kidney Foundation \/ Fondazione Svizzera del Rene<\/p>\n<p>Tobias Weber &#8211; Gesch\u00e4ftsstellenleiter<br \/>\nKonsumstrasse 16 A<br \/>\n3007 Bern<br \/>\nTel\u00a0 + 41 31 711 24 61<br \/>\nEmail:\u00a0<a href=\"mailto:sekretariat@nierenstiftung.ch\">sekretariat@nierenstiftung.ch<\/a><br \/>\nWeb:\u00a0<a href=\"http:\/\/www.nierenstiftung.ch\/\">www.nierenstiftung.ch<\/a><\/p>\n<p><strong>Allgemeiner Haftungsausschluss<\/strong><br \/>\nAlle Angaben unseres Internetangebotes wurden sorgf\u00e4ltig gepr\u00fcft. Wir bem\u00fchen uns, unser Informationsangebot aktuell, inhaltlich richtig und vollst\u00e4ndig anzubieten. Trotzdem kann das Auftreten von Fehlern nicht v\u00f6llig ausgeschlossen werden, womit wir keine Garantie f\u00fcr Vollst\u00e4ndigkeit, Richtigkeit und Aktualit\u00e4t von Informationen auch journalistisch-redaktioneller Art \u00fcbernehmen k\u00f6nnen. Haftungsanspr\u00fcche aus Sch\u00e4den materieller oder ideeller Art, die durch die Nutzung der angebotenen Informationen verursacht wurden, sind ausgeschlossen, sofern kein nachweislich vors\u00e4tzliches oder grob fahrl\u00e4ssiges Verschulden vorliegt.<\/p>\n<p>Der Herausgeber kann nach eigenem Ermessen und ohne Ank\u00fcndigung Texte ver\u00e4ndern oder l\u00f6schen und ist nicht verpflichtet, Inhalte dieser Webseite zu aktualisieren. Die Benutzung bzw. der Zugang zu dieser Webseite geschieht auf eigene Gefahr des Besuchers. Der Herausgeber, seine Auftraggeber oder Partner sind nicht verantwortlich f\u00fcr Sch\u00e4den, wie direkte, indirekte, zuf\u00e4llige, vorab konkret zu bestimmende oder Folgesch\u00e4den, die angeblich durch den Besuch dieser Webseite entstanden sind und \u00fcbernehmen hierf\u00fcr folglich keine Haftung.<\/p>\n<p>Der Herausgeber \u00fcbernimmt ebenfalls keine Verantwortung und Haftung f\u00fcr die Inhalte und die Verf\u00fcgbarkeit von Webseiten Dritter, die \u00fcber externe Links dieser Webseite erreichbar sind. F\u00fcr den Inhalt der verlinkten Seiten sind ausschliesslich deren Betreiber verantwortlich. Der Herausgeber distanziert sich damit ausdr\u00fccklich von allen Inhalten Dritter, die m\u00f6glicherweise straf- oder haftungsrechtlich relevant sind oder gegen die guten Sitten verstossen.<\/p>\n<p><strong>Urheberrechte<\/strong><br \/>\nDie Urheber- und alle anderen Rechte an Inhalten, Bildern, Fotos oder anderen Dateien auf der Webseite, geh\u00f6ren ausschliesslich dem Betreiber dieser Webseite oder den speziell genannten Rechteinhabern. F\u00fcr die Reproduktion von s\u00e4mtlichen Dateien, ist die schriftliche Zustimmung des Urheberrechtstr\u00e4gers im Voraus einzuholen.<br \/>\nWer ohne Einwilligung des jeweiligen Rechteinhabers eine Urheberrechtsverletzung begeht, kann sich strafbar und allenfalls Schadenersatzpflichtig machen.<\/p>\n<p><strong>\u00dcbersetzungen<\/strong><br \/>\nDie franz\u00f6sischen, italienischen und englischen Versionen der Website sind \u00dcbersetzungen. Im Zweifel ist die deutsche Version massgeblich.<\/p>\n<p><strong>Copyright<\/strong><br \/>\n\u00a9 Die Vervielf\u00e4ltigung von Informationen wie Daten, Texte, Grafiken oder Teile hiervon, bedarf der vorherigen schriftlichen Zustimmung der Schweizerischen Nierenstiftung.<\/p>\n<p><strong>Copyright \u00a9 Fotos Stiftungsrat<\/strong><br \/>\nManuel Castellote<br \/>\nBranding Fotografie<br \/>\nVechigen Dorf 14 &#8211; CH-3067 Boll<br \/>\nWeb: <a href=\"https:\/\/branding-fotografie.ch\/\" target=\"_blank\" rel=\"noopener\">branding-fotografie.ch<\/a><\/p>\n<p><strong>Betreuung<\/strong><br \/>\nSekretariat Nierenstiftung<br \/>\n<a href=\"mailto:sekretariat@nierenstiftung.ch\" target=\"_blank\" rel=\"noopener\">E-Mail<\/a><\/p>\n<p><strong>Webdesign &amp; Layout<\/strong><br \/>\nSchweizerische Nierenstiftung<\/p>\n<p><strong>Webseite Umsetzung<\/strong><br \/>\nMassimo di Sartorio, Italien<\/p>\n<p><strong>Content Management System (CMS)<\/strong><br \/>\n<a href=\"https:\/\/wordpress.com\/\" target=\"_blank\" rel=\"noopener\">www.wordpress.org<\/a><\/p>\n<p>Stand: 24.12.2025<\/p>\n<p>&nbsp;<\/p>\n<p>&nbsp;<\/p>\n","protected":false},"excerpt":{"rendered":"<p>Gesamtverantwortung Schweizerische Nierenstiftung \/ Fondation Suisse du Rein \/ Swiss Kidney Foundation \/ Fondazione Svizzera del Rene Tobias Weber &#8211; Gesch\u00e4ftsstellenleiter Konsumstrasse 16 A 3007 Bern Tel\u00a0 + 41 31 711 24 61 Email:\u00a0sekretariat@nierenstiftung.ch Web:\u00a0www.nierenstiftung.ch Allgemeiner Haftungsausschluss Alle Angaben unseres Internetangebotes wurden sorgf\u00e4ltig gepr\u00fcft. Wir bem\u00fchen uns, unser Informationsangebot aktuell, inhaltlich richtig und vollst\u00e4ndig anzubieten. [&hellip;]<\/p>\n","protected":false},"author":1,"featured_media":0,"parent":0,"menu_order":0,"comment_status":"closed","ping_status":"closed","template":"","meta":{"_et_pb_use_builder":"","_et_pb_old_content":"","_et_gb_content_width":"","footnotes":"","_links_to":"","_links_to_target":""},"class_list":["post-209","page","type-page","status-publish","hentry"],"_links":{"self":[{"href":"https:\/\/www.nierenstiftung.ch\/new\/wp-json\/wp\/v2\/pages\/209","targetHints":{"allow":["GET"]}}],"collection":[{"href":"https:\/\/www.nierenstiftung.ch\/new\/wp-json\/wp\/v2\/pages"}],"about":[{"href":"https:\/\/www.nierenstiftung.ch\/new\/wp-json\/wp\/v2\/types\/page"}],"author":[{"embeddable":true,"href":"https:\/\/www.nierenstiftung.ch\/new\/wp-json\/wp\/v2\/users\/1"}],"replies":[{"embeddable":true,"href":"https:\/\/www.nierenstiftung.ch\/new\/wp-json\/wp\/v2\/comments?post=209"}],"version-history":[{"count":4,"href":"https:\/\/www.nierenstiftung.ch\/new\/wp-json\/wp\/v2\/pages\/209\/revisions"}],"predecessor-version":[{"id":5155,"href":"https:\/\/www.nierenstiftung.ch\/new\/wp-json\/wp\/v2\/pages\/209\/revisions\/5155"}],"wp:attachment":[{"href":"https:\/\/www.nierenstiftung.ch\/new\/wp-json\/wp\/v2\/media?parent=209"}],"curies":[{"name":"wp","href":"https:\/\/api.w.org\/{rel}","templated":true}]}}