
{"id":207,"date":"2023-01-07T17:08:55","date_gmt":"2023-01-07T17:08:55","guid":{"rendered":"https:\/\/www.nierenstiftung.ch\/new\/?page_id=207"},"modified":"2025-12-24T15:13:47","modified_gmt":"2025-12-24T15:13:47","slug":"datenschutzhinweis","status":"publish","type":"page","link":"https:\/\/www.nierenstiftung.ch\/new\/datenschutzhinweis\/","title":{"rendered":"Datenschutzhinweis"},"content":{"rendered":"<p>Datenschutz<\/p>\n<ol>\n<li><strong>Allgemeiner Hinweis<\/strong><\/li>\n<\/ol>\n<p>Ihre Privatsph\u00e4re ist uns wichtig. Der Schutz der Daten unserer Spenderinnen und Spender, Destinat\u00e4re und anderer Personen, welche mit der Schweizerischen Nierenstiftung in Kontakt gelangen (bspw. Fachpersonen oder Personen, welche ein wissenschaftliches Projekt einreichen wollen) sowie der Schutz der Privatsph\u00e4re der Nutzerinnen und Nutzer unserer Website ist uns wichtig. Die Personendaten, die wir im Rahmen unserer T\u00e4tigkeit erheben oder erhalten, werden vertraulich behandelt und sind vor Zugriff sicher gesch\u00fctzt. Diese Datenschutzerkl\u00e4rung beschreibt, wie die Schweizerische Nierenstiftung Personendaten erhebt und bearbeitet und welche Rechte Ihnen dabei zustehen.<\/p>\n<p>Gest\u00fctzt auf Art. 13 der Bundesverfassung der Schweizerischen Eidgenossenschaft hat jede Person Anspruch auf Schutz ihrer Privatsph\u00e4re und insbesondere vor Missbrauch ihrer pers\u00f6nlichen Daten. Bei der Datenbearbeitung halten wir uns an die schweizerischen Datenschutzbestimmungen (insb. Schweizerisches Bundesgesetz \u00fcber den Datenschutz (DSG) und Verordnung \u00fcber den Datenschutz (Datenschutzverordnung, DSV)) und der Europ\u00e4ischen Datenschutzgrundverordnung (DSGVO), sofern und insoweit diese auf Sie anwendbar sind. F\u00fcr Angebote Dritter, auf welche auf dieser Website mittels Links verwiesen wird, kann keine Gew\u00e4hr f\u00fcr die Einhaltung der Datenschutzbestimmungen \u00fcbernommen werden.<\/p>\n<p>In enger Zusammenarbeit mit unserem Hosting-Provider bem\u00fchen wir uns, die Datenbanken so gut wie m\u00f6glich vor fremden Zugriffen, Verlusten, Missbrauch oder vor F\u00e4lschung zu sch\u00fctzen. Wir weisen darauf hin, dass die Daten\u00fcbertragung im Internet (z.B. bei der Kommunikation per E-Mail) grunds\u00e4tzlich Sicherheitsl\u00fccken aufweisen kann. Ein vollst\u00e4ndiger Schutz Ihrer Daten vor dem Zugriff durch Dritte ist daher nicht m\u00f6glich.<\/p>\n<ol start=\"2\">\n<li><strong>Bearbeitung von personenbezogenen Daten<\/strong><\/li>\n<\/ol>\n<p>Personendaten sind alle Informationen, die sich auf eine identifizierte oder identifizierbare nat\u00fcrliche Person beziehen. Besonders sch\u00fctzenswerte Personendaten umfassen Daten \u00fcber religi\u00f6se, weltanschauliche, politische oder gewerkschaftliche Ansichten oder T\u00e4tigkeiten, Daten \u00fcber die Gesundheit, die Intimsph\u00e4re, einschliesslich Angaben zum Sexualleben und die sexuelle Orientierung, Daten \u00fcber die Zugeh\u00f6rigkeit zu einer Rasse oder Ethnie, genetische Daten, biometrische Daten, die eine nat\u00fcrliche Person eindeutig identifizieren, Daten \u00fcber verwaltungs- und strafrechtliche Verfolgungen oder Sanktionen, sowie Daten \u00fcber Massnahmen der sozialen Hilfe. Statistische Daten oder anonymisierte Daten, die nicht direkt mit Ihrer Person in Verbindung gebracht werden k\u00f6nnen, fallen nicht hierunter.<\/p>\n<p>Ihre Daten bearbeiten wir nur f\u00fcr die gem\u00e4ss Stiftungsurkunde festgelegten Zwecke und nur in den gesetzlich zul\u00e4ssigen F\u00e4llen. Prim\u00e4r bearbeiten wir personenbezogene Daten, die wir im Rahmen unserer T\u00e4tigkeit mit den Spenderinnen und Spender, Destinat\u00e4ren und s\u00e4mtlichen weiteren Personen, welche mit der Schweizerischen Nierenstiftung in Kontakt treten, erheben. Ihre personenbezogenen Daten erheben wir prim\u00e4r bei Ihnen direkt, wenn Sie bspw. mit uns per E-Mail oder Telefon in Kontakt treten, eine Spende t\u00e4tigen, einen Zuschuss aus unserer Stiftung beantragen, Informationsmaterial anfordern, an einem Informationsanlass, einer Veranstaltung oder an einer Umfrage teilnehmen oder ein zu unterst\u00fctzendes Projekt einreichen. Dazu geh\u00f6ren z.B. Daten \u00fcber die Identit\u00e4t (Vorname, Name, Geburtsdatum, Geschlecht, Titel) und Kontaktdaten sowie Finanzdaten wie Bankverbindungen oder auch Angaben im Zusammenhang mit Ihren beruflichen Funktionen und Aktivit\u00e4ten. Weiter auch\u00a0Informationen, die uns zwecks Teilnahme an Besprechungen, Seminaren oder Veranstaltungen mitgeteilt werden. Personenbezogene Daten erhalten wir zudem auch von Dritten.<\/p>\n<ol start=\"3\">\n<li><strong>Datenweitergabe sowie Daten\u00fcbermittlung ins Ausland<\/strong><\/li>\n<\/ol>\n<p>Ihre pers\u00f6nlichen Daten werden streng vertraulich behandelt und weder an Dritte weitergegeben noch ins Ausland \u00fcbermittelt.<\/p>\n<ol start=\"4\">\n<li><strong>Aufbewahrungsdauer<\/strong><\/li>\n<\/ol>\n<p>Wir bewahren Ihre Daten so lange auf, wie es f\u00fcr unsere Gesch\u00e4ftsbeziehung mit Ihnen erforderlich ist, oder solange wir ein berechtigtes Interesse an der weiteren Speicherung der Informationen haben. In allen anderen F\u00e4llen l\u00f6schen wir Ihre personenbezogenen Daten, es sei denn, eine weitere Speicherung ist gesetzlich vorgeschrieben (z. B. sind wir gesetzlich verpflichtet, Dokumente wie Vertr\u00e4ge und Rechnungen f\u00fcr einen Zeitraum von 10 Jahren aufzubewahren).<\/p>\n<p>Wir treffen verh\u00e4ltnism\u00e4ssig und zumutbare Vorkehrungen zum Schutz von Personendaten vor Verlust, unberechtigter Ver\u00e4nderung oder unbefugten Zugriffen Dritter.<strong>\u00a0<\/strong><\/p>\n<ol start=\"5\">\n<li><strong>Bereitstellen der Webseite und Erstellung von Logfiles<\/strong><\/li>\n<\/ol>\n<p>Die Adresse unserer Webseite lautet: <a href=\"http:\/\/www.nierenstiftung.ch\">www.nierenstiftung.ch<\/a>. Die Webseite und deren Inhalt werden durch uns ohne kommerzielle Interessen zur Verf\u00fcgung gestellt.<\/p>\n<p>Der Webseitenbetreiber bzw. Seitenprovider erhebt Daten \u00fcber Zugriffe auf die Seite und speichert diese als \u201eServer-Logfiles\u201c ab. Folgende Daten werden so protokolliert:<\/p>\n<ul>\n<li>Besuchte Webseite<br \/>\n\u2022 Uhrzeit und Datum zum Zeitpunkt des Zugriffes<br \/>\n\u2022 Menge der gesendeten Daten in Byte<br \/>\n\u2022 Quelle\/Verweis, von welchem Sie auf die Seite gelangten<br \/>\n\u2022 Verwendeter Browser<br \/>\n\u2022 Verwendetes Betriebssystem<br \/>\n\u2022 Verwendete IP-Adresse (ggf.: in anonymisierter Form)<\/li>\n<\/ul>\n<p>Die Webseite kann grunds\u00e4tzlich ohne Registrierung besucht werden.<\/p>\n<p>Die erhobenen Daten dienen lediglich statistischen Auswertungen und zur Verbesserung der Webseite. Der Webseitenbetreiber beh\u00e4lt sich allerdings vor, die Server-Logfiles nachtr\u00e4glich zu \u00fcberpr\u00fcfen, sollten konkrete Anhaltspunkte auf eine rechtswidrige Nutzung hinweisen.<\/p>\n<ol start=\"6\">\n<li><strong>Verwendung von Cookies<\/strong><\/li>\n<\/ol>\n<p>Diese Webseite verwendet Cookies. Bei Cookies handelt es sich um Dateien, die mit Hilfe des Browsers auf dem Betriebssystem Ihres Ger\u00e4tes abgelegt werden, sobald Sie unsere Webseite aufrufen. Cookies erm\u00f6glichen es uns, Ihren Browser beim n\u00e4chsten Besuch wiederzuerkennen. Dadurch k\u00f6nnen wir gewisse Einstellungen (wie z.B. Spracheinstellungen oder Ortsangaben) speichern, damit Sie diese bei erneutem Aufruf der Webseite nicht neu eingeben m\u00fcssen. Wir verwenden Cookies, damit wir unsere Webseite benutzerfreundlicher, effektiver und sicherer gestalten k\u00f6nnen. Die Verwendung von Cookies und die diesbez\u00fcgliche Verarbeitung Ihrer Daten erfolgt aufgrund der Rechtsgrundlage unserer berechtigten Interessen an den genannten Zwecken gem\u00e4ss Art. 6 Abs. 1 lit. f DSGVO. Die Cookies werden auf Ihrem Rechner gespeichert. Sie k\u00f6nnen diese vollst\u00e4ndig l\u00f6schen oder durch \u00c4nderung der Einstellungen in Ihrem Browser die \u00dcbertragung deaktivieren oder einschr\u00e4nken. Die in unseren Cookies gespeicherten Daten werden ohne Ihre ausdr\u00fcckliche Einwilligung nicht mit Ihren pers\u00f6nlichen Daten (Name, Adresse usw.) verkn\u00fcpft.<\/p>\n<ol start=\"7\">\n<li><strong>Eingebettete Inhalte von anderen Webseiten<\/strong><\/li>\n<\/ol>\n<p>Beitr\u00e4ge auf dieser Webseite k\u00f6nnen eingebettete Inhalte beinhalten (z. B. Videos, Bilder, Beitr\u00e4ge etc.). Eingebettete Inhalte von anderen Webseiten verhalten sich exakt so, als ob der Besucher die andere Webseite besucht h\u00e4tte. Diese Webseiten k\u00f6nnen Daten \u00fcber einen sammeln, Cookies benutzen, zus\u00e4tzliche Tracking-Dienste von Dritten einbetten und Interaktion mit diesem eingebetteten Inhalt aufzeichnen, inklusive der Interaktion mit dem eingebetteten Inhalt, falls man ein Konto hat und auf dieser Webseite angemeldet ist.<\/p>\n<ol start=\"8\">\n<li><strong>Links von Drittanbietern<\/strong><\/li>\n<\/ol>\n<p>Unser Service kann Links zu Websites Dritter enthalten. Der Zugriff auf und die Nutzung von solchen verlinkten Websites unterliegt nicht dieser Datenschutzerkl\u00e4rung, sondern den Datenschutzrichtlinien dieser Websites Dritter. Wir sind nicht verantwortlich f\u00fcr die Informationspraktiken solcher Websites Dritter.<\/p>\n<ol start=\"9\">\n<li><strong>Kontaktaufnahme per E-Mail<\/strong><\/li>\n<\/ol>\n<p>Wenn Sie uns per E-Mail kontaktieren, werden Ihre E-Mail-Adresse, den Inhalt des E-Mails, den Betreff, das Datum sowie die von Ihnen angegebenen Kontaktdaten verarbeitet. Ihre Angaben werden f\u00fcr die Bearbeitung der Anfrage bei uns gespeichert. Wir speichern Ihre Daten nur solange, wie dies zur Erledigung Ihrer Anfrage notwendig ist oder solange wir vom Gesetz dazu verpflichtet sind.<\/p>\n<ol start=\"10\">\n<li><strong>Kontaktformular<\/strong><\/li>\n<\/ol>\n<p>Wenn Nutzerinnen und Nutzer auf unserer Webseite Kommentare schreiben, sammeln wir die Daten, die im Kommentar-Formular angezeigt werden.<\/p>\n<ol start=\"11\">\n<li><strong>Ihre Rechte<\/strong><\/li>\n<\/ol>\n<p>Sie haben das Recht, bei uns jederzeit Auskunft \u00fcber Ihre gespeicherten personenbezogenen Daten, deren Herkunft und Empf\u00e4nger und den Zweck der Datenverarbeitung zu erhalten. Weiter haben Sie die M\u00f6glichkeit, Ihre personenbezogenen Daten durch uns berichtigen, sperren oder l\u00f6schen zu lassen. Davon ausgenommen sind Daten, die wir zur Abwicklung noch ausstehender Auftr\u00e4ge oder zur Durchsetzung bestehender Rechte und Anspr\u00fcche ben\u00f6tigen, sowie Daten, die wir aufgrund gesetzlicher Bestimmungen aufbewahren m\u00fcssen. Sie k\u00f6nnen auch gegen die Bekanntgabe bestimmter Personendaten Widerspruch einlegen. Zudem k\u00f6nnen Sie die an uns \u00fcbergebenen Daten wieder von uns herausverlangen.<\/p>\n<p>Sie k\u00f6nnen jederzeit Ihre einmal erteilte Einwilligung in die Nutzung Ihrer personenbezogenen Daten widerrufen. Ihr Widerruf beschr\u00e4nkt sich jedoch auf die Speicherung und Nutzung personenbezogener Daten, die wir nicht aufgrund gesetzlicher Erlaubnistatbest\u00e4nde auch ohne Ihre Einwilligung speichern oder nutzen d\u00fcrfen. Ihr Widerruf hat ausserdem keine Auswirkungen auf die bisherigen Bearbeitungsvorg\u00e4nge, welche aufgrund Ihrer Einwilligung get\u00e4tigt wurden.<\/p>\n<p>Zur Geltendmachung Ihrer Rechte wenden Sie sich bitte schriftlich und unter Nachweis Ihrer Identit\u00e4t an uns (Kontaktdaten unter Ziff. 15). Soweit Ihre Rechte nicht aufgrund gesetzlicher Vorschriften oder \u00fcberwiegender \u00f6ffentlicher oder privater Interessen eingeschr\u00e4nkt sind, werden wir Ihrem Anliegen gerne nachkommen. Als Aufsichtsbeh\u00f6rde in Datenschutzangelegenheiten fungiert der Eidgen\u00f6ssische Datenschutz- und \u00d6ffentlichkeitsbeauftragte (<a href=\"https:\/\/www.edoeb.admin.ch\/edoeb\/de\/home.html\">https:\/\/www.edoeb.admin.ch\/edoeb\/de\/home.html<\/a>).<\/p>\n<ol start=\"12\">\n<li><strong>\u00c4nderung der Datenschutzerkl\u00e4rung<\/strong><\/li>\n<\/ol>\n<p>Wir k\u00f6nnen diese Datenschutzerkl\u00e4rung jederzeit ohne Vorank\u00fcndigung anpassen. Es gilt die jeweils aktuelle, auf unserer Webseite publizierte Fassung.<\/p>\n<ol start=\"13\">\n<li><strong>Verantwortliche und Kontakt<\/strong><\/li>\n<\/ol>\n<p>Verantwortliche Stelle im Sinne der Datenschutzgesetze, insbesondere der EU-Datenschutzgrundverordnung (DSGVO), lautet:<br \/>\nSchweizerische Nierenstiftung<br \/>\nTobias Weber<br \/>\nKonsumstrasse 16 A<br \/>\n3007 Bern<br \/>\nTel + 41 31 711 24 61<br \/>\n<a href=\"mailto:sekretariat@nierenstiftung.ch\">E-Mail Sekretariat<\/a><br \/>\nWeb:\u00a0<a href=\"https:\/\/www.nierenstiftung.ch\/\">www.nierenstiftung.ch<\/a><\/p>\n<p>Wenn Sie Fragen zum Datenschutz haben, k\u00f6nnen Sie uns gerne kontaktieren.<\/p>\n<p>Stand: 24.12.2025<\/p>\n","protected":false},"excerpt":{"rendered":"<p>Datenschutz Allgemeiner Hinweis Ihre Privatsph\u00e4re ist uns wichtig. Der Schutz der Daten unserer Spenderinnen und Spender, Destinat\u00e4re und anderer Personen, welche mit der Schweizerischen Nierenstiftung in Kontakt gelangen (bspw. Fachpersonen oder Personen, welche ein wissenschaftliches Projekt einreichen wollen) sowie der Schutz der Privatsph\u00e4re der Nutzerinnen und Nutzer unserer Website ist uns wichtig. Die Personendaten, die [&hellip;]<\/p>\n","protected":false},"author":1,"featured_media":0,"parent":0,"menu_order":0,"comment_status":"closed","ping_status":"closed","template":"","meta":{"_et_pb_use_builder":"","_et_pb_old_content":"","_et_gb_content_width":"","footnotes":"","_links_to":"","_links_to_target":""},"class_list":["post-207","page","type-page","status-publish","hentry"],"_links":{"self":[{"href":"https:\/\/www.nierenstiftung.ch\/new\/wp-json\/wp\/v2\/pages\/207","targetHints":{"allow":["GET"]}}],"collection":[{"href":"https:\/\/www.nierenstiftung.ch\/new\/wp-json\/wp\/v2\/pages"}],"about":[{"href":"https:\/\/www.nierenstiftung.ch\/new\/wp-json\/wp\/v2\/types\/page"}],"author":[{"embeddable":true,"href":"https:\/\/www.nierenstiftung.ch\/new\/wp-json\/wp\/v2\/users\/1"}],"replies":[{"embeddable":true,"href":"https:\/\/www.nierenstiftung.ch\/new\/wp-json\/wp\/v2\/comments?post=207"}],"version-history":[{"count":3,"href":"https:\/\/www.nierenstiftung.ch\/new\/wp-json\/wp\/v2\/pages\/207\/revisions"}],"predecessor-version":[{"id":5156,"href":"https:\/\/www.nierenstiftung.ch\/new\/wp-json\/wp\/v2\/pages\/207\/revisions\/5156"}],"wp:attachment":[{"href":"https:\/\/www.nierenstiftung.ch\/new\/wp-json\/wp\/v2\/media?parent=207"}],"curies":[{"name":"wp","href":"https:\/\/api.w.org\/{rel}","templated":true}]}}