
{"id":205,"date":"2023-01-07T17:08:12","date_gmt":"2023-01-07T17:08:12","guid":{"rendered":"https:\/\/www.nierenstiftung.ch\/new\/?page_id=205"},"modified":"2025-01-16T12:34:48","modified_gmt":"2025-01-16T12:34:48","slug":"cookie-richtlinie","status":"publish","type":"page","link":"https:\/\/www.nierenstiftung.ch\/new\/cookie-richtlinie\/","title":{"rendered":"Cookie-Richtlinie"},"content":{"rendered":"<p><strong>Verwendung von Cookies<\/strong><\/p>\n<p>Diese Webseite verwendet Cookies. Bei Cookies handelt es sich um Dateien, die mit Hilfe des Browsers auf dem Betriebssystem Ihres Ger\u00e4tes abgelegt werden, sobald Sie unsere Webseite aufrufen. Cookies erm\u00f6glichen es uns, Ihren Browser beim n\u00e4chsten Besuch wiederzuerkennen. Dadurch k\u00f6nnen wir gewisse Einstellungen (wie z.B. Spracheinstellungen oder Ortsangaben) speichern, damit Sie diese bei erneutem Aufruf der Webseite nicht neu eingeben m\u00fcssen. Wir verwenden Cookies, damit wir unsere Webseite benutzerfreundlicher, effektiver und sicherer gestalten k\u00f6nnen. Die Verwendung von Cookies und die diesbez\u00fcgliche Verarbeitung Ihrer Daten erfolgt aufgrund der Rechtsgrundlage unserer berechtigten Interessen an den genannten Zwecken gem\u00e4ss Art. 6 Abs. 1 lit. f DSGVO. Die Cookies werden auf Ihrem Rechner gespeichert. Sie k\u00f6nnen diese vollst\u00e4ndig l\u00f6schen oder durch \u00c4nderung der Einstellungen in Ihrem Browser die \u00dcbertragung deaktivieren oder einschr\u00e4nken. Die in unseren Cookies gespeicherten Daten werden ohne Ihre ausdr\u00fcckliche Einwilligung nicht mit Ihren pers\u00f6nlichen Daten (Name, Adresse usw.) verkn\u00fcpft.<\/p>\n<p>Stand: 16.01.2025<\/p>\n","protected":false},"excerpt":{"rendered":"<p>Verwendung von Cookies Diese Webseite verwendet Cookies. Bei Cookies handelt es sich um Dateien, die mit Hilfe des Browsers auf dem Betriebssystem Ihres Ger\u00e4tes abgelegt werden, sobald Sie unsere Webseite aufrufen. Cookies erm\u00f6glichen es uns, Ihren Browser beim n\u00e4chsten Besuch wiederzuerkennen. Dadurch k\u00f6nnen wir gewisse Einstellungen (wie z.B. Spracheinstellungen oder Ortsangaben) speichern, damit Sie diese [&hellip;]<\/p>\n","protected":false},"author":1,"featured_media":0,"parent":0,"menu_order":0,"comment_status":"closed","ping_status":"closed","template":"","meta":{"_et_pb_use_builder":"","_et_pb_old_content":"","_et_gb_content_width":"","footnotes":"","_links_to":"","_links_to_target":""},"class_list":["post-205","page","type-page","status-publish","hentry"],"_links":{"self":[{"href":"https:\/\/www.nierenstiftung.ch\/new\/wp-json\/wp\/v2\/pages\/205","targetHints":{"allow":["GET"]}}],"collection":[{"href":"https:\/\/www.nierenstiftung.ch\/new\/wp-json\/wp\/v2\/pages"}],"about":[{"href":"https:\/\/www.nierenstiftung.ch\/new\/wp-json\/wp\/v2\/types\/page"}],"author":[{"embeddable":true,"href":"https:\/\/www.nierenstiftung.ch\/new\/wp-json\/wp\/v2\/users\/1"}],"replies":[{"embeddable":true,"href":"https:\/\/www.nierenstiftung.ch\/new\/wp-json\/wp\/v2\/comments?post=205"}],"version-history":[{"count":3,"href":"https:\/\/www.nierenstiftung.ch\/new\/wp-json\/wp\/v2\/pages\/205\/revisions"}],"predecessor-version":[{"id":3728,"href":"https:\/\/www.nierenstiftung.ch\/new\/wp-json\/wp\/v2\/pages\/205\/revisions\/3728"}],"wp:attachment":[{"href":"https:\/\/www.nierenstiftung.ch\/new\/wp-json\/wp\/v2\/media?parent=205"}],"curies":[{"name":"wp","href":"https:\/\/api.w.org\/{rel}","templated":true}]}}