
{"id":1120,"date":"2023-07-03T16:56:35","date_gmt":"2023-07-03T16:56:35","guid":{"rendered":"https:\/\/www.nierenstiftung.ch\/new\/?page_id=1120"},"modified":"2025-12-16T16:30:01","modified_gmt":"2025-12-16T16:30:01","slug":"faire-un-don","status":"publish","type":"page","link":"https:\/\/www.nierenstiftung.ch\/new\/fr\/faire-un-don\/","title":{"rendered":"Faire un don"},"content":{"rendered":"<p>[et_pb_section fb_built=&#8221;1&#8243; fullwidth=&#8221;on&#8221; _builder_version=&#8221;4.19.4&#8243; _module_preset=&#8221;default&#8221; global_colors_info=&#8221;{}&#8221;][et_pb_fullwidth_slider admin_label=&#8221;Slide&#8221; _builder_version=&#8221;4.19.4&#8243; _module_preset=&#8221;default&#8221; custom_button=&#8221;on&#8221; button_bg_color=&#8221;#b61650&#8243; button_border_color=&#8221;RGBA(255,255,255,0)&#8221; button_border_radius=&#8221;0px&#8221; button_custom_margin=&#8221;||||false|false&#8221; button_custom_padding=&#8221;|250px|||false|false&#8221; text_orientation=&#8221;right&#8221; content_width=&#8221;100%&#8221; content_max_width=&#8221;1280px&#8221; custom_margin=&#8221;|-50px|||false|false&#8221; custom_padding=&#8221;||400px||false|false&#8221; custom_css_slide_button=&#8221;top:50px&#8221; global_colors_info=&#8221;{}&#8221;][et_pb_slide button_text=&#8221;Faites un don&#8221; button_link=&#8221;#download&#8221; _builder_version=&#8221;4.19.4&#8243; _module_preset=&#8221;default&#8221; background_image=&#8221;https:\/\/www.nierenstiftung.ch\/new\/wp-content\/uploads\/2023\/05\/home2.jpg&#8221; background_enable_image=&#8221;on&#8221; custom_button=&#8221;on&#8221; button_bg_color=&#8221;#b61650&#8243; button_border_color=&#8221;RGBA(255,255,255,0)&#8221; button_alignment=&#8221;right&#8221; global_colors_info=&#8221;{}&#8221; sticky_transition=&#8221;on&#8221;][\/et_pb_slide][\/et_pb_fullwidth_slider][\/et_pb_section][et_pb_section fb_built=&#8221;1&#8243; _builder_version=&#8221;4.19.4&#8243; _module_preset=&#8221;default&#8221; background_color=&#8221;#FFFFFF&#8221; custom_padding=&#8221;26px||2px|||&#8221; locked=&#8221;off&#8221; global_colors_info=&#8221;{}&#8221;][et_pb_row _builder_version=&#8221;4.19.4&#8243; _module_preset=&#8221;default&#8221; custom_margin=&#8221;|auto|0px|auto|false|false&#8221; custom_padding=&#8221;||1px|||&#8221; global_colors_info=&#8221;{}&#8221; column_structure=&#8221;2_3,1_3&#8243;][et_pb_column type=&#8221;2_3&#8243; _builder_version=&#8221;4.19.4&#8243; _module_preset=&#8221;default&#8221; global_colors_info=&#8221;{}&#8221;][et_pb_text admin_label=&#8221;Spenden&#8221; _builder_version=&#8221;4.19.4&#8243; _module_preset=&#8221;default&#8221; text_text_color=&#8221;#EE7203&#8243; text_font_size=&#8221;64px&#8221; header_text_color=&#8221;#EE7203&#8243; header_font_size=&#8221;42px&#8221; header_line_height=&#8221;1.5em&#8221; header_font_size_tablet=&#8221;31px&#8221; header_font_size_phone=&#8221;25px&#8221; header_font_size_last_edited=&#8221;on|desktop&#8221; locked=&#8221;off&#8221; global_colors_info=&#8221;{}&#8221;]<\/p>\n<h1><strong>Votre don est utile!<\/strong><\/h1>\n<h1>Soutenez les personnes atteintes d&#8217;une maladie r\u00e9nale d\u00e8s maintenant!<\/h1>\n<p>[\/et_pb_text][\/et_pb_column][et_pb_column type=&#8221;1_3&#8243; _builder_version=&#8221;4.19.4&#8243; _module_preset=&#8221;default&#8221; global_colors_info=&#8221;{}&#8221;][et_pb_image src=&#8221;https:\/\/www.nierenstiftung.ch\/new\/wp-content\/uploads\/2024\/12\/ZEWO_Logo_Claim_F_4c.png&#8221; _builder_version=&#8221;4.19.4&#8243; _module_preset=&#8221;default&#8221; title_text=&#8221;ZEWO_Logo_Claim_F_4c&#8221; hover_enabled=&#8221;0&#8243; sticky_enabled=&#8221;0&#8243;][\/et_pb_image][\/et_pb_column][\/et_pb_row][et_pb_row _builder_version=&#8221;4.19.4&#8243; _module_preset=&#8221;default&#8221;][et_pb_column _builder_version=&#8221;4.19.4&#8243; _module_preset=&#8221;default&#8221; type=&#8221;4_4&#8243;][et_pb_button button_url=&#8221;https:\/\/donate.raisenow.io\/zzmyy?lng=fr&#8221; url_new_window=&#8221;on&#8221; button_text=&#8221;Acc\u00e9dez directement \u00e0 notre formulaire de don&#8221; button_alignment=&#8221;center&#8221; _builder_version=&#8221;4.19.4&#8243; _module_preset=&#8221;default&#8221; locked=&#8221;off&#8221; global_colors_info=&#8221;{}&#8221;][\/et_pb_button][\/et_pb_column][\/et_pb_row][\/et_pb_section][et_pb_section fb_built=&#8221;1&#8243; _builder_version=&#8221;4.19.4&#8243; _module_preset=&#8221;default&#8221; background_color=&#8221;#B61650&#8243; custom_padding=&#8221;16px||5px|||&#8221; collapsed=&#8221;on&#8221; global_colors_info=&#8221;{}&#8221;][et_pb_row column_structure=&#8221;1_2,1_2&#8243; use_custom_gutter=&#8221;on&#8221; make_equal=&#8221;on&#8221; module_id=&#8221;download&#8221; _builder_version=&#8221;4.19.4&#8243; _module_preset=&#8221;default&#8221; module_alignment=&#8221;center&#8221; global_colors_info=&#8221;{}&#8221;][et_pb_column type=&#8221;1_2&#8243; _builder_version=&#8221;4.19.4&#8243; _module_preset=&#8221;default&#8221; global_colors_info=&#8221;{}&#8221;][et_pb_text _builder_version=&#8221;4.19.4&#8243; _module_preset=&#8221;default&#8221; text_text_color=&#8221;#FFFFFF&#8221; text_font_size=&#8221;16px&#8221; custom_css_main_element=&#8221;a {color:#fff}&#8221; locked=&#8221;off&#8221; global_colors_info=&#8221;{}&#8221;]<\/p>\n<p><strong>Vous avez des questions?<br \/><\/strong>N&#8217;h\u00e9sitez pas \u00e0 nous contacter, nous serons heureux de vous aider.<br \/>T\u00e9l\u00e9phone: 031 711 24 61 | E-Mail: <a href=\"mailto:sekretariat@nierenstiftung.ch\">sekretariat@nierenstiftung.ch<\/a><\/p>\n<p>[\/et_pb_text][et_pb_cta title=&#8221;Bulletin de versement&#8221; button_url=&#8221;https:\/\/www.nierenstiftung.ch\/new\/wp-content\/uploads\/2023\/05\/QR-Rechnung.pdf&#8221; url_new_window=&#8221;on&#8221; button_text=&#8221;T\u00e9l\u00e9charger&#8221; admin_label=&#8221;Einzahlungsschein+button&#8221; _builder_version=&#8221;4.19.4&#8243; _module_preset=&#8221;default&#8221; header_font_size=&#8221;28px&#8221; background_color=&#8221;RGBA(255,255,255,0)&#8221; custom_button=&#8221;on&#8221; button_bg_color=&#8221;#EE7203&#8243; button_icon=&#8221;&#xe092;||divi||400&#8243; custom_padding=&#8221;14px||1px|||&#8221; header_font_size_tablet=&#8221;35px&#8221; header_font_size_phone=&#8221;25px&#8221; header_font_size_last_edited=&#8221;on|phone&#8221; global_colors_info=&#8221;{}&#8221;][\/et_pb_cta][\/et_pb_column][et_pb_column type=&#8221;1_2&#8243; _builder_version=&#8221;4.19.4&#8243; _module_preset=&#8221;default&#8221; global_colors_info=&#8221;{}&#8221;][et_pb_image src=&#8221;https:\/\/www.nierenstiftung.ch\/new\/wp-content\/uploads\/twint_fr.png&#8221; _builder_version=&#8221;4.19.4&#8243; _module_preset=&#8221;default&#8221; global_colors_info=&#8221;{}&#8221;][\/et_pb_image][\/et_pb_column][\/et_pb_row][\/et_pb_section][et_pb_section fb_built=&#8221;1&#8243; _builder_version=&#8221;4.19.4&#8243; _module_preset=&#8221;default&#8221; background_color=&#8221;#FFFFFF&#8221; custom_padding=&#8221;26px||50px|||&#8221; global_colors_info=&#8221;{}&#8221;][\/et_pb_section][et_pb_section fb_built=&#8221;1&#8243; _builder_version=&#8221;4.19.4&#8243; _module_preset=&#8221;default&#8221; background_color=&#8221;#EE7203&#8243; custom_padding=&#8221;18px||2px|||&#8221; global_colors_info=&#8221;{}&#8221;][et_pb_row _builder_version=&#8221;4.19.4&#8243; _module_preset=&#8221;default&#8221; custom_margin=&#8221;-13px|auto||auto||&#8221; global_colors_info=&#8221;{}&#8221;][et_pb_column type=&#8221;4_4&#8243; _builder_version=&#8221;4.19.4&#8243; _module_preset=&#8221;default&#8221; global_colors_info=&#8221;{}&#8221;][et_pb_text admin_label=&#8221;\u00abIch lebe gesund und genussvoll in der Gegenwart und h\u00f6re auf meinen K\u00f6rper\u00bb&#8221; _builder_version=&#8221;4.19.4&#8243; _module_preset=&#8221;default&#8221; text_font=&#8221;Rasa||||||||&#8221; text_text_color=&#8221;#FFFFFF&#8221; text_font_size=&#8221;46px&#8221; text_line_height=&#8221;1em&#8221; text_orientation=&#8221;center&#8221; global_colors_info=&#8221;{}&#8221;]<\/p>\n<p>\u00ab<span>Je vis sainement et agr\u00e9ablement dans le pr\u00e9sent <br \/>et suis \u00e0 l&#8217;\u00e9coute de mon corps<\/span>\u00bb<\/p>\n<p>[\/et_pb_text][et_pb_text admin_label=&#8221;Thomas Hunziker, Mitglied Stiftungsrat&#8221; _builder_version=&#8221;4.19.4&#8243; _module_preset=&#8221;default&#8221; text_text_color=&#8221;#FFFFFF&#8221; text_orientation=&#8221;center&#8221; global_colors_info=&#8221;{}&#8221;]<\/p>\n<p>Thomas Hunziker, Membre du Conseil de Fondation<\/p>\n<p>[\/et_pb_text][\/et_pb_column][\/et_pb_row][\/et_pb_section][et_pb_section fb_built=&#8221;1&#8243; _builder_version=&#8221;4.19.4&#8243; _module_preset=&#8221;default&#8221; custom_padding=&#8221;4px||24px|||&#8221; global_module=&#8221;541&#8243; global_colors_info=&#8221;{}&#8221;][et_pb_row column_structure=&#8221;3_4,1_4&#8243; _builder_version=&#8221;4.19.4&#8243; _module_preset=&#8221;default&#8221; global_colors_info=&#8221;{}&#8221;][et_pb_column type=&#8221;3_4&#8243; _builder_version=&#8221;4.19.4&#8243; _module_preset=&#8221;default&#8221; global_colors_info=&#8221;{}&#8221;][et_pb_code _builder_version=&#8221;4.19.4&#8243; _module_preset=&#8221;default&#8221; global_colors_info=&#8221;{}&#8221;]<\/p>\n<div style=\"font-size:19px;padding-top:35px;text-align:right;\" id=\"vnps\"><\/div>\n<p><!-- [et_pb_line_break_holder] --><script><!-- [et_pb_line_break_holder] -->var lang = document.getElementsByTagName(\"html\")[0].getAttribute(\"lang\").substr(3);<!-- [et_pb_line_break_holder] --><!-- [et_pb_line_break_holder] -->switch(lang) {<!-- [et_pb_line_break_holder] -->  case \"DE\":<!-- [et_pb_line_break_holder] -->  document.getElementById(\"vnps\").innerHTML = \"Gemeinsam unterwegs mit dem Verband Nierenpatienten Schweiz (VNPS)\";      <!-- [et_pb_line_break_holder] --><!-- [et_pb_line_break_holder] -->    break;<!-- [et_pb_line_break_holder] -->  case \"IT\":<!-- [et_pb_line_break_holder] -->  document.getElementById(\"vnps\").innerHTML = \"Sulla strada insieme con l\u2019Associazione svizzera per pazienti d\u2019insufficienza renale (ASPIR)\";<!-- [et_pb_line_break_holder] --><!-- [et_pb_line_break_holder] -->    break;<!-- [et_pb_line_break_holder] -->  case \"GB\":<!-- [et_pb_line_break_holder] -->document.getElementById(\"vnps\").innerHTML = \"Together on the road with the Swiss Kidney Patients Association (SKPA)\";<!-- [et_pb_line_break_holder] --><!-- [et_pb_line_break_holder] -->    break;<!-- [et_pb_line_break_holder] -->\tcase \"FR\":<!-- [et_pb_line_break_holder] -->  document.getElementById(\"vnps\").innerHTML = \"En route ensemble avec la Soci\u00e9t\u00e9 suisse des patients insuffisants r\u00e9naux (SSPIR)\";<!-- [et_pb_line_break_holder] --><!-- [et_pb_line_break_holder] -->    break;<!-- [et_pb_line_break_holder] -->  default:<!-- [et_pb_line_break_holder] --><!-- [et_pb_line_break_holder] -->\tdocument.getElementById(\"vnps\").innerHTML = \"Gemeinsam unterwegs mit dem Verband Nierenpatienten Schweiz (VNPS)\";<!-- [et_pb_line_break_holder] --><!-- [et_pb_line_break_holder] -->}<!-- [et_pb_line_break_holder] --> <!-- [et_pb_line_break_holder] --><\/script>[\/et_pb_code][\/et_pb_column][et_pb_column type=&#8221;1_4&#8243; _builder_version=&#8221;4.19.4&#8243; _module_preset=&#8221;default&#8221; global_colors_info=&#8221;{}&#8221;][et_pb_image src=&#8221;https:\/\/www.nierenstiftung.ch\/new\/wp-content\/uploads\/2022\/12\/Logo_VNPS_klein2.jpg&#8221; title_text=&#8221;Logo_VNPS_klein2&#8243; url=&#8221;https:\/\/nierenpatienten.ch\/&#8221; url_new_window=&#8221;on&#8221; _builder_version=&#8221;4.19.4&#8243; _module_preset=&#8221;default&#8221; max_height=&#8221;80px&#8221; global_colors_info=&#8221;{}&#8221;][\/et_pb_image][\/et_pb_column][\/et_pb_row][\/et_pb_section]<\/p>\n","protected":false},"excerpt":{"rendered":"<p>Votre don est utile! Soutenez les personnes atteintes d&#8217;une maladie r\u00e9nale d\u00e8s maintenant!Vous avez des questions?N&#8217;h\u00e9sitez pas \u00e0 nous contacter, nous serons heureux de vous aider.T\u00e9l\u00e9phone: 031 711 24 61 | E-Mail: sekretariat@nierenstiftung.ch\u00abJe vis sainement et agr\u00e9ablement dans le pr\u00e9sent et suis \u00e0 l&#8217;\u00e9coute de mon corps\u00bbThomas Hunziker, Membre du Conseil de Fondation<\/p>\n","protected":false},"author":1,"featured_media":0,"parent":0,"menu_order":0,"comment_status":"closed","ping_status":"closed","template":"","meta":{"_et_pb_use_builder":"on","_et_pb_old_content":"","_et_gb_content_width":"","footnotes":"","_links_to":"","_links_to_target":""},"class_list":["post-1120","page","type-page","status-publish","hentry"],"_links":{"self":[{"href":"https:\/\/www.nierenstiftung.ch\/new\/wp-json\/wp\/v2\/pages\/1120","targetHints":{"allow":["GET"]}}],"collection":[{"href":"https:\/\/www.nierenstiftung.ch\/new\/wp-json\/wp\/v2\/pages"}],"about":[{"href":"https:\/\/www.nierenstiftung.ch\/new\/wp-json\/wp\/v2\/types\/page"}],"author":[{"embeddable":true,"href":"https:\/\/www.nierenstiftung.ch\/new\/wp-json\/wp\/v2\/users\/1"}],"replies":[{"embeddable":true,"href":"https:\/\/www.nierenstiftung.ch\/new\/wp-json\/wp\/v2\/comments?post=1120"}],"version-history":[{"count":3,"href":"https:\/\/www.nierenstiftung.ch\/new\/wp-json\/wp\/v2\/pages\/1120\/revisions"}],"predecessor-version":[{"id":5052,"href":"https:\/\/www.nierenstiftung.ch\/new\/wp-json\/wp\/v2\/pages\/1120\/revisions\/5052"}],"wp:attachment":[{"href":"https:\/\/www.nierenstiftung.ch\/new\/wp-json\/wp\/v2\/media?parent=1120"}],"curies":[{"name":"wp","href":"https:\/\/api.w.org\/{rel}","templated":true}]}}