
{"id":1069,"date":"2023-07-03T15:57:49","date_gmt":"2023-07-03T15:57:49","guid":{"rendered":"https:\/\/www.nierenstiftung.ch\/new\/?page_id=1069"},"modified":"2025-08-28T08:19:20","modified_gmt":"2025-08-28T08:19:20","slug":"foundation","status":"publish","type":"page","link":"https:\/\/www.nierenstiftung.ch\/new\/en\/foundation\/","title":{"rendered":"Foundation"},"content":{"rendered":"<p>[et_pb_section fb_built=&#8221;1&#8243; fullwidth=&#8221;on&#8221; _builder_version=&#8221;4.19.4&#8243; _module_preset=&#8221;default&#8221; global_colors_info=&#8221;{}&#8221;][et_pb_fullwidth_slider admin_label=&#8221;Slide&#8221; _builder_version=&#8221;4.19.4&#8243; _module_preset=&#8221;default&#8221; custom_button=&#8221;on&#8221; button_bg_color=&#8221;#b61650&#8243; button_border_color=&#8221;RGBA(255,255,255,0)&#8221; button_border_radius=&#8221;0px&#8221; button_custom_margin=&#8221;||||false|false&#8221; button_custom_padding=&#8221;|250px|||false|false&#8221; text_orientation=&#8221;right&#8221; content_width=&#8221;100%&#8221; content_max_width=&#8221;1280px&#8221; custom_margin=&#8221;|-50px|||false|false&#8221; custom_padding=&#8221;||400px||false|false&#8221; hover_enabled=&#8221;0&#8243; custom_css_slide_button=&#8221;top:50px&#8221; global_colors_info=&#8221;{}&#8221; sticky_enabled=&#8221;0&#8243;][et_pb_slide button_text=&#8221;Donate&#8221; button_link=&#8221;@ET-DC@eyJkeW5hbWljIjp0cnVlLCJjb250ZW50IjoicG9zdF9saW5rX3VybF9wYWdlIiwic2V0dGluZ3MiOnsicG9zdF9pZCI6IjExMTcifX0=@&#8221; _builder_version=&#8221;4.19.4&#8243; _dynamic_attributes=&#8221;button_link&#8221; _module_preset=&#8221;default&#8221; background_image=&#8221;https:\/\/www.nierenstiftung.ch\/new\/wp-content\/uploads\/2023\/08\/GruppeA.jpg&#8221; background_enable_image=&#8221;on&#8221; custom_button=&#8221;on&#8221; button_bg_color=&#8221;#b61650&#8243; button_border_color=&#8221;RGBA(255,255,255,0)&#8221; button_alignment=&#8221;right&#8221; hover_enabled=&#8221;0&#8243; global_colors_info=&#8221;{}&#8221; sticky_transition=&#8221;on&#8221; sticky_enabled=&#8221;0&#8243;][\/et_pb_slide][\/et_pb_fullwidth_slider][\/et_pb_section][et_pb_section fb_built=&#8221;1&#8243; _builder_version=&#8221;4.19.4&#8243; _module_preset=&#8221;default&#8221; background_color=&#8221;#f3f3f3&#8243; custom_padding=&#8221;||5px|||&#8221; global_colors_info=&#8221;{}&#8221;][et_pb_row use_custom_gutter=&#8221;on&#8221; make_equal=&#8221;on&#8221; _builder_version=&#8221;4.19.4&#8243; _module_preset=&#8221;default&#8221; module_alignment=&#8221;center&#8221; global_colors_info=&#8221;{}&#8221;][et_pb_column type=&#8221;4_4&#8243; _builder_version=&#8221;4.19.4&#8243; _module_preset=&#8221;default&#8221; global_colors_info=&#8221;{}&#8221;][et_pb_text admin_label=&#8221;Unsere Ziele&#8221; module_id=&#8221;unsere&#8221; _builder_version=&#8221;4.19.4&#8243; _module_preset=&#8221;default&#8221; text_text_color=&#8221;#EE7203&#8243; text_font_size=&#8221;56px&#8221; text_font_size_tablet=&#8221;56px&#8221; text_font_size_phone=&#8221;43px&#8221; text_font_size_last_edited=&#8221;on|phone&#8221; global_colors_info=&#8221;{}&#8221;]Our aims[\/et_pb_text][\/et_pb_column][\/et_pb_row][et_pb_row _builder_version=&#8221;4.19.4&#8243; _module_preset=&#8221;default&#8221; global_colors_info=&#8221;{}&#8221;][et_pb_column type=&#8221;4_4&#8243; _builder_version=&#8221;4.19.4&#8243; _module_preset=&#8221;default&#8221; global_colors_info=&#8221;{}&#8221;][et_pb_text admin_label=&#8221;text: Information und Sensibilisierung&#8230;&#8221; module_id=&#8221;orange&#8221; _builder_version=&#8221;4.19.4&#8243; _module_preset=&#8221;default&#8221; text_font=&#8221;Rasa||||||||&#8221; text_font_size=&#8221;23px&#8221; global_colors_info=&#8221;{}&#8221;]<\/p>\n<ul style=\"line-height: 1.7em; list-style: none;\">\n<li style=\"text-align: left;\">To inform the population, especially children and young people, and increase awareness of the vital functions and roles of the kidneys<\/li>\n<li style=\"text-align: left;\">To provide education on prevention, early detection and treatment of kidney disease<\/li>\n<li style=\"text-align: left;\">To provide patients with kidney disease and their relatives with information<\/li>\n<li style=\"text-align: left;\">To provide education on and increase awareness of organ donation<\/li>\n<li style=\"text-align: left;\">To promote scientific dialogue between researchers and doctors in the field of kidney disease and its treatment methods<\/li>\n<li style=\"text-align: left;\">To support research into kidney disease and the treatment options, as well as share research results in scientific publications and committees<\/li>\n<\/ul>\n<p>[\/et_pb_text][\/et_pb_column][\/et_pb_row][\/et_pb_section][et_pb_section fb_built=&#8221;1&#8243; _builder_version=&#8221;4.19.4&#8243; _module_preset=&#8221;default&#8221; background_color=&#8221;#B61650&#8243; custom_padding=&#8221;32px||20px|||&#8221; global_colors_info=&#8221;{}&#8221;][et_pb_row _builder_version=&#8221;4.19.4&#8243; _module_preset=&#8221;default&#8221; global_colors_info=&#8221;{}&#8221;][et_pb_column type=&#8221;4_4&#8243; _builder_version=&#8221;4.19.4&#8243; _module_preset=&#8221;default&#8221; global_colors_info=&#8221;{}&#8221;][et_pb_text admin_label=&#8221;Der Stiftungsrat&#8221; _builder_version=&#8221;4.19.4&#8243; _module_preset=&#8221;default&#8221; text_text_color=&#8221;#FFFFFF&#8221; text_font_size=&#8221;43px&#8221; text_line_height=&#8221;1em&#8221; text_text_color_tablet=&#8221;#EE7203&#8243; text_text_color_phone=&#8221;#EE7203&#8243; text_text_color_last_edited=&#8221;on|phone&#8221; global_colors_info=&#8221;{}&#8221;]<\/p>\n<p>The Foundation Board<\/p>\n<p>[\/et_pb_text][et_pb_button button_url=&#8221;@ET-DC@eyJkeW5hbWljIjp0cnVlLCJjb250ZW50IjoicG9zdF9saW5rX3VybF9wYWdlIiwic2V0dGluZ3MiOnsicG9zdF9pZCI6IjEwNzgifX0=@&#8221; button_text=&#8221;Learn more&#8221; button_alignment=&#8221;center&#8221; admin_label=&#8221;Mehr erfahren&#8221; _builder_version=&#8221;4.19.4&#8243; _dynamic_attributes=&#8221;button_url&#8221; _module_preset=&#8221;default&#8221; custom_button=&#8221;on&#8221; button_bg_color=&#8221;#EE7203&#8243; global_colors_info=&#8221;{}&#8221;][\/et_pb_button][\/et_pb_column][\/et_pb_row][\/et_pb_section][et_pb_section fb_built=&#8221;1&#8243; _builder_version=&#8221;4.19.4&#8243; _module_preset=&#8221;default&#8221; background_color=&#8221;#FFFFFF&#8221; custom_padding=&#8221;26px||50px|||&#8221; locked=&#8221;off&#8221; global_colors_info=&#8221;{}&#8221;][et_pb_row _builder_version=&#8221;4.19.4&#8243; _module_preset=&#8221;default&#8221; custom_margin=&#8221;|auto|80px|auto|false|false&#8221; custom_padding=&#8221;||1px|||&#8221; global_colors_info=&#8221;{}&#8221;][et_pb_column type=&#8221;4_4&#8243; _builder_version=&#8221;4.19.4&#8243; _module_preset=&#8221;default&#8221; global_colors_info=&#8221;{}&#8221;][et_pb_text admin_label=&#8221;Stiftung&#8221; _builder_version=&#8221;4.19.4&#8243; _module_preset=&#8221;default&#8221; text_text_color=&#8221;#000000&#8243; header_text_color=&#8221;#B61650&#8243; header_font_size=&#8221;60px&#8221; text_font_size_tablet=&#8221;&#8221; text_font_size_phone=&#8221;&#8221; text_font_size_last_edited=&#8221;on|desktop&#8221; header_font_size_tablet=&#8221;60px&#8221; header_font_size_phone=&#8221;40px&#8221; header_font_size_last_edited=&#8221;on|desktop&#8221; global_colors_info=&#8221;{}&#8221;]<\/p>\n<h1><span lang=\"EN-US\">Foundation<\/span><\/h1>\n<p>(in German)<\/p>\n<p>[\/et_pb_text][\/et_pb_column][\/et_pb_row][et_pb_row column_structure=&#8221;1_2,1_2&#8243; _builder_version=&#8221;4.19.4&#8243; _module_preset=&#8221;default&#8221; custom_margin=&#8221;-48px|auto|40px|auto|false|false&#8221; custom_padding=&#8221;||1px|||&#8221; global_colors_info=&#8221;{}&#8221;][et_pb_column type=&#8221;1_2&#8243; _builder_version=&#8221;4.19.4&#8243; _module_preset=&#8221;default&#8221; global_colors_info=&#8221;{}&#8221;][et_pb_button button_url=&#8221;https:\/\/www.nierenstiftung.ch\/new\/wp-content\/uploads\/2024\/07\/2019_SNS_Urkunde_signed.pdf&#8221; url_new_window=&#8221;on&#8221; button_text=&#8221;Deed of foundation&#8221; button_alignment=&#8221;center&#8221; _builder_version=&#8221;4.19.4&#8243; _module_preset=&#8221;default&#8221; custom_button=&#8221;on&#8221; button_icon=&#8221;&#xf1c1;||fa||400&#8243; custom_css_main_element=&#8221;width:100%;&#8221; global_colors_info=&#8221;{}&#8221;][\/et_pb_button][\/et_pb_column][et_pb_column type=&#8221;1_2&#8243; _builder_version=&#8221;4.19.4&#8243; _module_preset=&#8221;default&#8221; global_colors_info=&#8221;{}&#8221;][et_pb_button button_url=&#8221;https:\/\/www.nierenstiftung.ch\/new\/wp-content\/uploads\/2024\/07\/Organigramm_v_16.04.2024.pdf&#8221; url_new_window=&#8221;on&#8221; button_text=&#8221;Organizational chart&#8221; button_alignment=&#8221;center&#8221; _builder_version=&#8221;4.19.4&#8243; _module_preset=&#8221;default&#8221; custom_button=&#8221;on&#8221; button_icon=&#8221;&#xf1c1;||fa||400&#8243; custom_css_main_element=&#8221;width:100%;&#8221; global_colors_info=&#8221;{}&#8221;][\/et_pb_button][\/et_pb_column][\/et_pb_row][et_pb_row column_structure=&#8221;1_2,1_2&#8243; _builder_version=&#8221;4.19.4&#8243; _module_preset=&#8221;default&#8221; custom_margin=&#8221;-48px|auto||auto||&#8221; custom_padding=&#8221;||1px|||&#8221; global_colors_info=&#8221;{}&#8221;][et_pb_column type=&#8221;1_2&#8243; _builder_version=&#8221;4.19.4&#8243; _module_preset=&#8221;default&#8221; global_colors_info=&#8221;{}&#8221;][et_pb_button button_url=&#8221;https:\/\/www.nierenstiftung.ch\/new\/wp-content\/uploads\/2024\/07\/2023_Jahresbericht_Final.pdf&#8221; url_new_window=&#8221;on&#8221; button_text=&#8221;Annual report 2023&#8243; button_alignment=&#8221;center&#8221; _builder_version=&#8221;4.19.4&#8243; _module_preset=&#8221;default&#8221; custom_button=&#8221;on&#8221; button_icon=&#8221;&#xf1c1;||fa||400&#8243; custom_css_main_element=&#8221;width:100%;&#8221; global_colors_info=&#8221;{}&#8221;][\/et_pb_button][et_pb_button button_url=&#8221;https:\/\/www.nierenstiftung.ch\/new\/wp-content\/uploads\/2024\/10\/Web_Jahresrechnung_2023_08.10.24.pdf&#8221; url_new_window=&#8221;on&#8221; button_text=&#8221;Annual financial statement 2023&#8243; button_alignment=&#8221;center&#8221; _builder_version=&#8221;4.19.4&#8243; _module_preset=&#8221;default&#8221; custom_button=&#8221;on&#8221; button_icon=&#8221;&#xf1c1;||fa||400&#8243; custom_css_main_element=&#8221;width:100%;&#8221; global_colors_info=&#8221;{}&#8221;][\/et_pb_button][et_pb_button button_url=&#8221;https:\/\/www.nierenstiftung.ch\/new\/wp-content\/uploads\/2024\/07\/Web_Revisionsbericht_SNS_2023.pdf&#8221; url_new_window=&#8221;on&#8221; button_text=&#8221;Audit report 2023&#8243; button_alignment=&#8221;center&#8221; _builder_version=&#8221;4.19.4&#8243; _module_preset=&#8221;default&#8221; custom_button=&#8221;on&#8221; button_icon=&#8221;&#xf1c1;||fa||400&#8243; custom_css_main_element=&#8221;width:100%;&#8221; global_colors_info=&#8221;{}&#8221;][\/et_pb_button][\/et_pb_column][et_pb_column type=&#8221;1_2&#8243; _builder_version=&#8221;4.19.4&#8243; _module_preset=&#8221;default&#8221; global_colors_info=&#8221;{}&#8221;][et_pb_button button_url=&#8221;https:\/\/www.nierenstiftung.ch\/new\/wp-content\/uploads\/2024\/12\/2024_Jahresbericht_Final.pdf&#8221; url_new_window=&#8221;on&#8221; button_text=&#8221;Annual report 2024&#8243; button_alignment=&#8221;center&#8221; _builder_version=&#8221;4.19.4&#8243; _module_preset=&#8221;default&#8221; custom_button=&#8221;on&#8221; button_icon=&#8221;&#xf1c1;||fa||400&#8243; custom_css_main_element=&#8221;width:100%;&#8221; global_colors_info=&#8221;{}&#8221;][\/et_pb_button][et_pb_button button_url=&#8221;https:\/\/www.nierenstiftung.ch\/new\/wp-content\/uploads\/2024\/12\/2024_Jahresrechnung_2024_Web.pdf&#8221; url_new_window=&#8221;on&#8221; button_text=&#8221;Annual financial statement 2024&#8243; button_alignment=&#8221;center&#8221; _builder_version=&#8221;4.19.4&#8243; _module_preset=&#8221;default&#8221; custom_button=&#8221;on&#8221; button_icon=&#8221;&#xf1c1;||fa||400&#8243; custom_css_main_element=&#8221;width:100%;&#8221; global_colors_info=&#8221;{}&#8221;][\/et_pb_button][et_pb_button button_url=&#8221;https:\/\/www.nierenstiftung.ch\/new\/wp-content\/uploads\/2024\/12\/2024_Revisionsbericht_2024_Web.pdf&#8221; url_new_window=&#8221;on&#8221; button_text=&#8221;Audit report 2024&#8243; button_alignment=&#8221;center&#8221; _builder_version=&#8221;4.19.4&#8243; _module_preset=&#8221;default&#8221; custom_button=&#8221;on&#8221; button_icon=&#8221;&#xf1c1;||fa||400&#8243; custom_css_main_element=&#8221;width:100%;&#8221; global_colors_info=&#8221;{}&#8221;][\/et_pb_button][\/et_pb_column][\/et_pb_row][\/et_pb_section][et_pb_section fb_built=&#8221;1&#8243; _builder_version=&#8221;4.19.4&#8243; _module_preset=&#8221;default&#8221; background_color=&#8221;#B61650&#8243; custom_padding=&#8221;18px||2px|||&#8221; global_colors_info=&#8221;{}&#8221;][et_pb_row _builder_version=&#8221;4.19.4&#8243; _module_preset=&#8221;default&#8221; custom_margin=&#8221;-13px|auto||auto||&#8221; global_colors_info=&#8221;{}&#8221;][et_pb_column type=&#8221;4_4&#8243; _builder_version=&#8221;4.19.4&#8243; _module_preset=&#8221;default&#8221; global_colors_info=&#8221;{}&#8221;][et_pb_text admin_label=&#8221;\u00abGemeinsam zu lachen bewirkt Gutes.\u00bb&#8221; _builder_version=&#8221;4.19.4&#8243; _module_preset=&#8221;default&#8221; text_font=&#8221;Rasa||||||||&#8221; text_text_color=&#8221;#FFFFFF&#8221; text_font_size=&#8221;46px&#8221; text_line_height=&#8221;1em&#8221; text_orientation=&#8221;center&#8221; global_colors_info=&#8221;{}&#8221;]<\/p>\n<p>\u00abEvery smile you send out returns to you twofold\u00bb<\/p>\n<p>[\/et_pb_text][et_pb_text admin_label=&#8221;Pandora Kunz, Mitglied Stiftungsrat&#8221; _builder_version=&#8221;4.19.4&#8243; _module_preset=&#8221;default&#8221; text_text_color=&#8221;#FFFFFF&#8221; text_orientation=&#8221;center&#8221; global_colors_info=&#8221;{}&#8221;]<\/p>\n<p><span lang=\"EN-US\">\u00a0Lilian Weisbrod, <span>Member of the Foundation Board<\/span><\/span><span lang=\"EN-US\">\u00a0<i>(<\/i><\/span><i><span lang=\"EN-US\">E. K\u00e4stner)<\/span><\/i><\/p>\n<p>[\/et_pb_text][\/et_pb_column][\/et_pb_row][\/et_pb_section][et_pb_section fb_built=&#8221;1&#8243; _builder_version=&#8221;4.19.4&#8243; _module_preset=&#8221;default&#8221; custom_padding=&#8221;4px||24px|||&#8221; global_module=&#8221;541&#8243; global_colors_info=&#8221;{}&#8221;][et_pb_row column_structure=&#8221;3_4,1_4&#8243; _builder_version=&#8221;4.19.4&#8243; _module_preset=&#8221;default&#8221; global_colors_info=&#8221;{}&#8221;][et_pb_column type=&#8221;3_4&#8243; _builder_version=&#8221;4.19.4&#8243; _module_preset=&#8221;default&#8221; global_colors_info=&#8221;{}&#8221;][et_pb_code _builder_version=&#8221;4.19.4&#8243; _module_preset=&#8221;default&#8221; global_colors_info=&#8221;{}&#8221;]<\/p>\n<div style=\"font-size:19px;padding-top:35px;text-align:right;\" id=\"vnps\"><\/div>\n<p><!-- [et_pb_line_break_holder] --><script><!-- [et_pb_line_break_holder] -->var lang = document.getElementsByTagName(\"html\")[0].getAttribute(\"lang\").substr(3);<!-- [et_pb_line_break_holder] --><!-- [et_pb_line_break_holder] -->switch(lang) {<!-- [et_pb_line_break_holder] -->  case \"DE\":<!-- [et_pb_line_break_holder] -->  document.getElementById(\"vnps\").innerHTML = \"Gemeinsam unterwegs mit dem Verband Nierenpatienten Schweiz (VNPS)\";      <!-- [et_pb_line_break_holder] --><!-- [et_pb_line_break_holder] -->    break;<!-- [et_pb_line_break_holder] -->  case \"IT\":<!-- [et_pb_line_break_holder] -->  document.getElementById(\"vnps\").innerHTML = \"Sulla strada insieme con l\u2019Associazione svizzera per pazienti d\u2019insufficienza renale (ASPIR)\";<!-- [et_pb_line_break_holder] --><!-- [et_pb_line_break_holder] -->    break;<!-- [et_pb_line_break_holder] -->  case \"GB\":<!-- [et_pb_line_break_holder] -->document.getElementById(\"vnps\").innerHTML = \"Together on the road with the Swiss Kidney Patients Association (SKPA)\";<!-- [et_pb_line_break_holder] --><!-- [et_pb_line_break_holder] -->    break;<!-- [et_pb_line_break_holder] -->\tcase \"FR\":<!-- [et_pb_line_break_holder] -->  document.getElementById(\"vnps\").innerHTML = \"En route ensemble avec la Soci\u00e9t\u00e9 suisse des patients insuffisants r\u00e9naux (SSPIR)\";<!-- [et_pb_line_break_holder] --><!-- [et_pb_line_break_holder] -->    break;<!-- [et_pb_line_break_holder] -->  default:<!-- [et_pb_line_break_holder] --><!-- [et_pb_line_break_holder] -->\tdocument.getElementById(\"vnps\").innerHTML = \"Gemeinsam unterwegs mit dem Verband Nierenpatienten Schweiz (VNPS)\";<!-- [et_pb_line_break_holder] --><!-- [et_pb_line_break_holder] -->}<!-- [et_pb_line_break_holder] --> <!-- [et_pb_line_break_holder] --><\/script>[\/et_pb_code][\/et_pb_column][et_pb_column type=&#8221;1_4&#8243; _builder_version=&#8221;4.19.4&#8243; _module_preset=&#8221;default&#8221; global_colors_info=&#8221;{}&#8221;][et_pb_image src=&#8221;https:\/\/www.nierenstiftung.ch\/new\/wp-content\/uploads\/2022\/12\/Logo_VNPS_klein2.jpg&#8221; title_text=&#8221;Logo_VNPS_klein2&#8243; url=&#8221;https:\/\/nierenpatienten.ch\/&#8221; url_new_window=&#8221;on&#8221; _builder_version=&#8221;4.19.4&#8243; _module_preset=&#8221;default&#8221; max_height=&#8221;80px&#8221; global_colors_info=&#8221;{}&#8221;][\/et_pb_image][\/et_pb_column][\/et_pb_row][\/et_pb_section]<\/p>\n","protected":false},"excerpt":{"rendered":"<p>Our aims To inform the population, especially children and young people, and increase awareness of the vital functions and roles of the kidneys To provide education on prevention, early detection and treatment of kidney disease To provide patients with kidney disease and their relatives with information To provide education on and increase awareness of organ [&hellip;]<\/p>\n","protected":false},"author":1,"featured_media":0,"parent":0,"menu_order":0,"comment_status":"closed","ping_status":"closed","template":"","meta":{"_et_pb_use_builder":"on","_et_pb_old_content":"","_et_gb_content_width":"","footnotes":"","_links_to":"","_links_to_target":""},"class_list":["post-1069","page","type-page","status-publish","hentry"],"_links":{"self":[{"href":"https:\/\/www.nierenstiftung.ch\/new\/wp-json\/wp\/v2\/pages\/1069","targetHints":{"allow":["GET"]}}],"collection":[{"href":"https:\/\/www.nierenstiftung.ch\/new\/wp-json\/wp\/v2\/pages"}],"about":[{"href":"https:\/\/www.nierenstiftung.ch\/new\/wp-json\/wp\/v2\/types\/page"}],"author":[{"embeddable":true,"href":"https:\/\/www.nierenstiftung.ch\/new\/wp-json\/wp\/v2\/users\/1"}],"replies":[{"embeddable":true,"href":"https:\/\/www.nierenstiftung.ch\/new\/wp-json\/wp\/v2\/comments?post=1069"}],"version-history":[{"count":3,"href":"https:\/\/www.nierenstiftung.ch\/new\/wp-json\/wp\/v2\/pages\/1069\/revisions"}],"predecessor-version":[{"id":4876,"href":"https:\/\/www.nierenstiftung.ch\/new\/wp-json\/wp\/v2\/pages\/1069\/revisions\/4876"}],"wp:attachment":[{"href":"https:\/\/www.nierenstiftung.ch\/new\/wp-json\/wp\/v2\/media?parent=1069"}],"curies":[{"name":"wp","href":"https:\/\/api.w.org\/{rel}","templated":true}]}}